{"id":2017,"date":"2023-02-12T19:04:39","date_gmt":"2023-02-12T18:04:39","guid":{"rendered":"https:\/\/boesels.at\/index.php\/?page_id=2017"},"modified":"2025-11-03T22:09:48","modified_gmt":"2025-11-03T21:09:48","slug":"fuer-alle","status":"publish","type":"page","link":"https:\/\/boesels.at\/index.php\/fuer-alle\/","title":{"rendered":"f\u00fcr Alle"},"content":{"rendered":"<div id=\"cs-content\" class=\"cs-content\"><div class=\"x-section e2017-e1 m1k1-0\"><div class=\"x-bg\" aria-hidden=\"true\"><div class=\"x-bg-layer-lower-image\" style=\" background-image: url(https:\/\/boesels.at\/wp-content\/uploads\/2023\/02\/ich-bin-ich-istrien_hintergrund-scaled.jpg); background-repeat: no-repeat; background-position: center; background-size: cover;\"><\/div><\/div><div class=\"x-row x-container max width e2017-e2 m1k1-1 m1k1-2 m1k1-4\"><div class=\"x-row-inner\"><div class=\"x-col e2017-e3 m1k1-6 m1k1-7\"><div class=\"x-text x-text-headline e2017-e4 m1k1-8\"><div class=\"x-text-content\"><div class=\"x-text-content-text\"><h1 class=\"x-text-content-text-primary\">ICH bin ICH in Istrien: Psychotherapie &amp; Pers&ouml;nlichkeitsentwicklung<\/h1>\n<\/div><\/div><\/div><\/div><\/div><\/div><div class=\"x-row e2017-e5 m1k1-1 m1k1-3 m1k1-5\"><div class=\"x-row-inner\"><div class=\"x-col x-hide-md x-hide-sm x-hide-xs e2017-e6 m1k1-6\"><span class=\"x-image e2017-e7 m1k1-9 m1k1-a\"><img decoding=\"async\" src=\"https:\/\/boesels.at\/wp-content\/uploads\/2023\/02\/ich-bin-ich-istrien-.jpg\" width=\"616\" height=\"920\" alt=\"Image\" loading=\"lazy\"><\/span><a class=\"x-anchor x-anchor-button e2017-e8 m1k1-c\" tabindex=\"0\" href=\"#\"><div class=\"x-anchor-content\"><div class=\"x-anchor-text\"><span class=\"x-anchor-text-primary\">f&uuml;r alle<\/span><\/div><\/div><\/a><\/div><div class=\"x-col e2017-e9 m1k1-6\"><div class=\"x-text x-content e2017-e10 m1k1-d m1k1-e\"><p><strong>Ein Hauch von Luxus, Meerblick, Weitblick und die Freiheit, ganz f&uuml;r sich selbst da zu sein: Das Seminar ICH bin ICH in Istrien &ouml;ffnet R&auml;ume und M&ouml;glichkeiten f&uuml;r pers&ouml;nliche Weiterentwicklung, f&uuml;r heilsame Begegnungen mit dem eigenen Innersten und f&uuml;r eine neue Klarheit in Gedanken und Empfindungen.<\/strong><\/p>\n<p>In Monaten und Jahren voller Umbr&uuml;che, in einer Leistungsgesellschaft mit viel Fremdbestimmung und dem empfundenen Zwang, zu funktionieren, in einer Welt mit Informationstsunamis, die unsere Psyche auf so vielen Kan&auml;len &uuml;berfluten, ist pure Zeit, die wir unserem Selbst widmen, von unsch&auml;tzbarem Wert.<\/p>\n<p>Sich seiner selbst wieder bewusst zu werden &ndash; worin aus guten Gr&uuml;nden <strong>Selbstbewusstsein<\/strong> anklingt &ndash; kann uns <strong>ganz neue Wege<\/strong> finden lassen. Die Voraussetzung daf&uuml;r: Zeit, die wir uns schenken. Ein gesch&uuml;tzter Rahmen. Ein st&auml;rkendes, n&auml;hrendes Umfeld. Alles davon und die f&uuml;r ein gelingendes Leben so essenzielle Mischung aus <strong>Sicherheit und Abenteuer<\/strong> wartet unter s&uuml;dlicher Sonne auf Sie. In unserem <strong>Seminar ICH bin ICH in Istrien<\/strong>.<\/p>\n<p>In gruppentherapeutischen Settings finden Sie einen gesch&uuml;tzten Raum, in dem Sie, wenn Sie das m&ouml;chten, R&uuml;ckmeldung und R&uuml;ckenst&auml;rkung bekommen. In der Psychotherapie wissen wir seit Langem: <strong>Gruppentherapie<\/strong> zeigt oft eine besonders gute Wirkung wegen vieler <strong>Synergieeffekte<\/strong>, die in Einzelsitzungen verborgen bleiben &ndash; und das ganz ohne Druck, sich auf andere Menschen einzulassen.<\/p><\/div><span class=\"x-image e2017-e11 m1k1-9 m1k1-b\"><img decoding=\"async\" src=\"https:\/\/boesels.at\/wp-content\/uploads\/2023\/02\/mann-am-meer-1.jpg\" width=\"1000\" height=\"400\" alt=\"Image\" loading=\"lazy\"><\/span><div class=\"x-text x-content e2017-e12 m1k1-d m1k1-e\"><h5><strong>Selbstbewusstsein und worum es noch geht<\/strong><\/h5>\n<p>Im Seminar stellen wir, schon von Berufs wegen, die psychotherapeutische Ebene in den Vordergrund &ndash; und Sie in den Mittelpunkt. Es geht um die Begleitung einer bewussten Erfahrung im w&ouml;rtlichen Sinne des <strong>Selbstbewusstseins<\/strong>. Wie wir das angehen? Mit vielf&auml;ltigen Elementen aus der <strong>Integrativen Gestalttherapie<\/strong>, der <strong>Gespr&auml;chstherapie<\/strong>, der systemischen <strong>Familientherapie<\/strong> und mit Techniken aus Psychodrama und <strong>Imago<\/strong>.<\/p>\n<p>Sich seiner selbst wieder mehr bewusst zu sein, hilft dabei, Entscheidungen zu treffen und ganz eigene Wege zu entdecken und zu beschreiten. In das eigene Innere in Ruhe hineinzusp&uuml;ren, erm&ouml;glicht Selbstreflexion und das <strong>Finden von Antworten<\/strong>. Es erleichtert das <strong>Verstehen<\/strong> und &Uuml;bersetzen der eigenen Empfindungen und erm&auml;chtigt uns, zu <strong>handeln<\/strong>.<\/p><\/div><div class=\"x-text x-content e2017-e13 m1k1-d m1k1-e\"><h5><strong>Was Sie aus diesem Seminar alles mitnehmen k&ouml;nnen<\/strong><\/h5>\n<ul>\n<li>Altes loslassen, Neuem Raum geben oder &uuml;berhaupt gleich eine neue &Auml;ra in Ihrem Leben einl&auml;uten<\/li>\n<li>die eigenen Wurzeln in sich entdecken und sich auf eine positive Zukunft einstimmen<\/li>\n<li>enttarnen, wo Sie zu sehr die Erwartungen anderer erf&uuml;llen oder vielleicht Ihren Eltern unbewusst folgen<\/li>\n<li>eine Begegnung mit sich selbst auf einer tiefen Ebene, auf der Ihre wahren Bed&uuml;rfnisse erkennbar werden<\/li>\n<li>eine neue Beziehungsf&auml;higkeit und eine Haltung des Einander-gelten-Lassens entwickeln<\/li>\n<li>N&auml;he zu sich selbst und probeweise zu anderen in der Gruppe herstellen<\/li>\n<li>neue Rollen und neue Kommunikationstechniken einfach mal ausprobieren<\/li>\n<\/ul><\/div><span class=\"x-image e2017-e14 m1k1-9 m1k1-b\"><img decoding=\"async\" src=\"https:\/\/boesels.at\/wp-content\/uploads\/2023\/02\/villa-istra-1.jpg\" width=\"1000\" height=\"400\" alt=\"Image\" loading=\"lazy\"><\/span><div class=\"x-text x-content e2017-e15 m1k1-d m1k1-e\"><h5><strong>F&uuml;r wen ist ICH bin ICH in Istrien geeignet?<\/strong><\/h5>\n<p>Unser Seminar ICH bin ICH in Istrien ist f&uuml;r Sie, wenn es endlich einmal nur um Sie gehen soll. Es ist eine Auszeit mit Innenschau. Ein Raum f&uuml;r Ver&auml;nderung. Geeignet f&uuml;r alle, die sich pers&ouml;nlich weiterentwickeln m&ouml;chten. Sich etwas Gutes tun wollen.<\/p>\n<p>Sie d&uuml;rfen eine Krise haben. Sie m&uuml;ssen aber keineswegs. Was z&auml;hlt, sind Sie. Wo immer Sie gerade stehen und wohin Sie gerade unterwegs sind.<\/p>\n<p>Dieses Seminar f&uuml;r insgesamt ca. 20 Teilnehmer*innen ist <strong>&uuml;berwiegend f&uuml;r Einzelpersonen<\/strong> gedacht, und das ganz unabh&auml;ngig von deren Beziehungsstand. <strong>Platz f&uuml;r bis zu 2 Paare<\/strong> haben wir aber auch.<\/p><\/div><div class=\"x-text x-content e2017-e16 m1k1-e m1k1-f\"><h4>Abonnieren Sie unseren Newsletter:<\/h4>\n<p>  \n  \n  <div class=\"\n    mailpoet_form_popup_overlay\n      \"><\/div>\n  <div\n    id=\"mailpoet_form_1\"\n    class=\"\n      mailpoet_form\n      mailpoet_form_shortcode\n      mailpoet_form_position_\n      mailpoet_form_animation_\n    \"\n      >\n\n    <style type=\"text\/css\">\n     #mailpoet_form_1 .mailpoet_form {  }\n#mailpoet_form_1 .mailpoet_column_with_background { padding: 10px; }\n#mailpoet_form_1 .mailpoet_form_column:not(:first-child) { margin-left: 20px; }\n#mailpoet_form_1 .mailpoet_paragraph { line-height: 20px; margin-bottom: 20px; }\n#mailpoet_form_1 .mailpoet_segment_label, #mailpoet_form_1 .mailpoet_text_label, #mailpoet_form_1 .mailpoet_textarea_label, #mailpoet_form_1 .mailpoet_select_label, #mailpoet_form_1 .mailpoet_radio_label, #mailpoet_form_1 .mailpoet_checkbox_label, #mailpoet_form_1 .mailpoet_list_label, #mailpoet_form_1 .mailpoet_date_label { display: block; font-weight: normal; }\n#mailpoet_form_1 .mailpoet_text, #mailpoet_form_1 .mailpoet_textarea, #mailpoet_form_1 .mailpoet_select, #mailpoet_form_1 .mailpoet_date_month, #mailpoet_form_1 .mailpoet_date_day, #mailpoet_form_1 .mailpoet_date_year, #mailpoet_form_1 .mailpoet_date { display: block; }\n#mailpoet_form_1 .mailpoet_text, #mailpoet_form_1 .mailpoet_textarea { width: 200px; }\n#mailpoet_form_1 .mailpoet_checkbox {  }\n#mailpoet_form_1 .mailpoet_submit {  }\n#mailpoet_form_1 .mailpoet_divider {  }\n#mailpoet_form_1 .mailpoet_message {  }\n#mailpoet_form_1 .mailpoet_form_loading { width: 30px; text-align: center; line-height: normal; }\n#mailpoet_form_1 .mailpoet_form_loading > span { width: 5px; height: 5px; background-color: #5b5b5b; }\n#mailpoet_form_1 .mailpoet_submit { background: #f0aa4b; border: none; box-shadow: none; color: white; text-shadow: none; outline: none; padding: 1em 2em !important; width: auto !important; }\n#mailpoet_form_1 input[type=\"email\"] { padding: 1.5em !important; font-size: 1.25em; border-color: black !important; }#mailpoet_form_1{border-radius: 0px;text-align: left;}#mailpoet_form_1 form.mailpoet_form {padding: 20px;}#mailpoet_form_1{width: 100%;}#mailpoet_form_1 .mailpoet_message {margin: 0; padding: 0 20px;}#mailpoet_form_1 .mailpoet_paragraph.last {margin-bottom: 0} @media (max-width: 500px) {#mailpoet_form_1 {background-image: none;}} @media (min-width: 500px) {#mailpoet_form_1 .last .mailpoet_paragraph:last-child {margin-bottom: 0}}  @media (max-width: 500px) {#mailpoet_form_1 .mailpoet_form_column:last-child .mailpoet_paragraph:last-child {margin-bottom: 0}} \n    <\/style>\n\n    <form\n      target=\"_self\"\n      method=\"post\"\n      action=\"https:\/\/boesels.at\/wp-admin\/admin-post.php?action=mailpoet_subscription_form\"\n      class=\"mailpoet_form mailpoet_form_form mailpoet_form_shortcode\"\n      novalidate\n      data-delay=\"\"\n      data-exit-intent-enabled=\"\"\n      data-font-family=\"\"\n      data-cookie-expiration-time=\"\"\n    >\n      <input type=\"hidden\" name=\"data[form_id]\" value=\"1\" \/>\n      <input type=\"hidden\" name=\"token\" value=\"5a2b6370ac\" \/>\n      <input type=\"hidden\" name=\"api_version\" value=\"v1\" \/>\n      <input type=\"hidden\" name=\"endpoint\" value=\"subscribers\" \/>\n      <input type=\"hidden\" name=\"mailpoet_method\" value=\"subscribe\" \/>\n\n      <label class=\"mailpoet_hp_email_label\" style=\"display: none !important;\">Bitte dieses Feld leer lassen<input type=\"email\" name=\"data[email]\"\/><\/label><p class=\"mailpoet_form_paragraph \" style=\"text-align: left\">Etwa 8- bis 10-mal pro Jahr verfassen wir einen informativen Newsletter. Wenn Sie diesen erhalten m\u00f6chten, k\u00f6nnen Sie sich an dieser Stelle mit Ihrer E-Mail-Adresse daf\u00fcr anmelden.<\/p>\n<p class=\"mailpoet_form_paragraph \" style=\"text-align: left\">Bitte beachten Sie: Ihre Anmeldung ist erst vollst\u00e4ndig, wenn Sie in der Mail, die wir Ihnen umgehend zusenden, den Best\u00e4tigungslink klicken. Sollten Sie die Mail nicht erhalten, bitten wir Sie, auch in Ihrem Spamverdacht-Ordner nachzusehen. Vielen Dank!<\/p>\n<div class=\"mailpoet_paragraph \"><input type=\"email\" autocomplete=\"email\" class=\"mailpoet_text\" id=\"form_email_1\" name=\"data[form_field_OWY0ODhhYzBlNTk5X2VtYWls]\" title=\"E-Mail-Adresse\" value=\"\" style=\"width:100%;box-sizing:border-box;padding:5px;margin: 0 auto 0 0;\" data-automation-id=\"form_email\"  placeholder=\"E-Mail-Adresse *\" aria-label=\"E-Mail-Adresse *\" data-parsley-errors-container=\".mailpoet_error_1u1p4\" data-parsley-required=\"true\" required aria-required=\"true\" data-parsley-minlength=\"6\" data-parsley-maxlength=\"150\" data-parsley-type-message=\"Dieser Wert sollte eine g\u00fcltige E-Mail-Adresse sein.\" data-parsley-required-message=\"Dieses Feld wird ben\u00f6tigt.\"\/><span class=\"mailpoet_error_1u1p4\"><\/span><\/div>\n<div class=\"mailpoet_paragraph \"><input type=\"submit\" class=\"mailpoet_submit\" value=\"f\u00fcr Newsletter anmelden\" data-automation-id=\"subscribe-submit-button\" style=\"width:100%;box-sizing:border-box;padding:5px;margin: 0 auto 0 0;border-color:transparent;\" \/><span class=\"mailpoet_form_loading\"><span class=\"mailpoet_bounce1\"><\/span><span class=\"mailpoet_bounce2\"><\/span><span class=\"mailpoet_bounce3\"><\/span><\/span><\/div>\n\n      <div class=\"mailpoet_message\">\n        <p class=\"mailpoet_validate_success\"\n                style=\"display:none;\"\n                >Pr\u00fcfen Sie Ihren Posteingang oder Spam-Ordner, um Ihr Abonnement zu best\u00e4tigen.\n        <\/p>\n        <p class=\"mailpoet_validate_error\"\n                style=\"display:none;\"\n                >        <\/p>\n      <\/div>\n    <\/form>\n\n      <\/div>\n\n  <\/p><\/div><\/div><div class=\"x-col e2017-e17 m1k1-6 m1k1-7\"><span class=\"x-image e2017-e18 m1k1-9 m1k1-b\"><img decoding=\"async\" src=\"https:\/\/boesels.at\/wp-content\/uploads\/2024\/11\/sabinerolandflorian-20231001.jpg\" width=\"2083\" height=\"833\" alt=\"Image\" loading=\"lazy\"><\/span><div class=\"x-text x-content e2017-e19 m1k1-d m1k1-e\"><h5><strong>Die B&ouml;sels plus noch eine Generation: wer dieses Seminar h&auml;lt<\/strong><\/h5>\n<p>In diesem Seminar betreuen wir Sie zu dritt, was sich schon im vergangenen Jahr an diesem so wunderbaren Ort bestens bew&auml;hrt hat: Das Seminar leiten wir, <a href=\"https:\/\/boesels.at\/ueber-uns\">Dr. Sabine B&ouml;sel, Roland B&ouml;sel <\/a>und <strong>Mag. Markus B&ouml;sel<\/strong> als Vertreter einer neuen, j&uuml;ngeren Generation. Erleben Sie alle Synergien aus Jugend und Reife!<\/p>\n<p>F&uuml;r uns, Dr. Sabine und Roland B&ouml;sel, ist dieses Seminar ein bisschen &bdquo;back to the roots&ldquo; &ndash; ein Wiedersehen mit unseren fr&uuml;heren Sommergruppen in Italien und mit unseren bereits in den 90er-Jahren etablierten offenen Psychotherapie-Gruppen f&uuml;r alle &ndash; eben auch f&uuml;r Einzelpersonen und Singles.<\/p>\n<p>Mag. Markus B&ouml;sel ist studierter Jurist und Psychotherapeut in Ausbildung unter Supervision und schon &uuml;ber Jahre in die Aufgabe der Seminarleitung hineingewachsen. Er bringt seinen eigenen Stil an Unterst&uuml;tzung, Begleitung und Konfrontation in unsere Arbeit ein.<\/p>\n<p>Markus B&ouml;sels Credo: &bdquo;Um etwas wirklich zu er-fassen, braucht es die Verbindung von K&ouml;rperwahrnehmung, Bewegung und Sprache. Ich lade ein, mit Gegenst&auml;nden, W&ouml;rtern, Symbolen und in Szenen zu experimentieren um auf diese Weise sich selbst und die Umwelt besser begreifen und verstehen zu k&ouml;nnen.&ldquo;<\/p><\/div><div class=\"x-text x-content e2017-e20 m1k1-d m1k1-e\"><h5><strong>Seminarzeit: 22. bis 27. September 2026<\/strong><\/h5>\n<p>Unser &uuml;bern&auml;chstes Seminar <strong>ICH bin ICH in Istrien <\/strong>findet <strong>von 21. bis 26. September 2027<\/strong>&nbsp;statt.<\/p><\/div><div class=\"x-text x-content e2017-e21 m1k1-d m1k1-e\"><h6>Programm von ICH bin ICH in Istrien:<\/h6>\n<p><strong>Beginn: Dienstag, 22. September, 16 Uhr<\/strong><br \/>Am <strong>23., 24., 25. u<\/strong><strong>nd 26. September<\/strong> jeweils <strong>5 bis 6 Stunden psychotherapeutische Begleitung<\/strong> in verschiedenen Gruppensettings, was auch hei&szlig;t: Es bleibt Ihnen noch Zeit f&uuml;r Spazierg&auml;nge am Meer und was immer Sie machen und erleben m&ouml;chten. <br \/>Seminarende:<strong> Sonntag, 27. September<\/strong>, ca. 11 Uhr<\/p><\/div><span class=\"x-image e2017-e22 m1k1-9 m1k1-b\"><img decoding=\"async\" src=\"https:\/\/boesels.at\/wp-content\/uploads\/2023\/02\/villa-istra-2.jpg\" width=\"1000\" height=\"400\" alt=\"Image\" loading=\"lazy\"><\/span><div class=\"x-text x-content e2017-e23 m1k1-d m1k1-e\"><h5><strong>Unseren Seminarort werden Sie m&ouml;gen<br \/><\/strong><\/h5>\n<p>Nahe dem Ort Mo&scaron;\u0107eni\u010dka Draga direkt an der <strong>Strandpromenade Lungomare<\/strong> gelegen, mit Blick auf Rijeka und die Inseln Krk und Cres, bezaubert die <strong>Villa Istra<\/strong> mit ihrem besonderen, mediterranen Flair und ihrer modernen, gepflegten Ausstattung als <strong>Seminarzentrum<\/strong>. Und genau da, nur etwa 5 Stunden Reisezeit von Wien entfernt, finden wir zusammen &ndash; f&uuml;r <strong>Psychotherapie und Pers&ouml;nlichkeitsentwicklung<\/strong>, f&uuml;r unser gemeinsames <strong>Seminar ICH bin ICH in Istrien<\/strong>.<\/p>\n<p>In der Villa Istra sind Einzel-, Doppel- und Dreierzimmer bzw. Apartments verf&uuml;gbar. Je nach gew&auml;hlter Variante kostet eine &Uuml;bernachtung mit Halbpension &ndash; Angaben ohne Gew&auml;hr &ndash; ungef&auml;hr EUR 130,&ndash; bis 170,&ndash;. Die Verrechnung ist direkt mit den Betreibern der <a href=\"https:\/\/www.villaistra.com\/de\/kontakt\" target=\"_blank\" rel=\"noopener\">Villa Istra<\/a> zu erledigen. Eine fr&uuml;he Seminaranmeldung ist zu empfehlen und erh&ouml;ht die Auswahlm&ouml;glichkeiten.<\/p>\n<h5><strong>Die Anreise &ndash; wir fahren gemeinsam mit dem Bus<\/strong><\/h5>\n<p class=\"p1\">Der Seminarort ist mit dem Zug nicht zu erreichen. Im Sinne der Geringhaltung unseres &ouml;kologischen Fu&szlig;abdrucks <span class=\"s1\">organisieren wir in Kooperation mit Retter Reisen die An- und Abreise. <\/span> So steht am 22<span class=\"s1\">. September 2026 ein Bus bereit, der um 7 Uhr von Wien Hauptbahnhof in die Villa Istra f&auml;hrt, eine Zusteigem&ouml;glichkeit gibt es in Graz. Die Fahrt kostet EUR 148,&ndash; pro Person und Strecke, wobei das Halten des Preises die Nutzung des Busses durch alle Teilnehmer*innen erfordert. <\/span><\/p>\n<p class=\"p1\"><span class=\"s1\">Unser Extra f&uuml;r Sie: Sowohl die Hin- als auch die R&uuml;ckfahrt im Bus reichern wir mit zus&auml;tzlichen Inputs und kleinen &Uuml;bungen als Vorbereitung und zum Ausklang des Seminars an. Lassen Sie sich &uuml;berraschen!<\/span><\/p><\/div><div class=\"x-text x-content e2017-e24 m1k1-d m1k1-e\"><h5><strong>Die Preisfrage<\/strong><\/h5>\n<p>Was die Kosten betrifft, ist es uns ein Anliegen, sie an die M&ouml;glichkeiten unserer Teilnehmer*innen anzupassen. F&uuml;r dieses Seminar sind 3 Preise zur Selbsteinstufung vorgesehen: EUR 720,&ndash; oder EUR 760,&ndash; oder EUR 800,&ndash;, jeweils exkl. Kosten f&uuml;r Anfahrt und Unterkunft.<\/p>\n<p>Sind auch die EUR 720,&ndash; f&uuml;r Sie aktuell nicht aufzubringen, finden Sie M&ouml;glichkeiten im Bereich <a href=\"https:\/\/boesels.at\/leistbare-therapie\">Leistbare Therapie<\/a> auf unserer Website. Sie k&ouml;nnen bei Ihrer Seminaranmeldung ein H&auml;kchen bei &bdquo;Sozialplatz&ldquo; setzen und im Feld f&uuml;r &bdquo;Sonstiges&ldquo; Ihre Preisvorstellung eingeben und Ihre Situation schildern. Unser B&uuml;roteam (ohne die B&ouml;sels, die nicht wissen m&ouml;chten, wer wie viel bezahlt) pr&uuml;ft jede dieser Anfragen sorgf&auml;ltig und gibt zeitnah R&uuml;ckmeldung.<\/p><\/div><div class=\"x-text x-content e2017-e25 m1k1-d m1k1-e\"><h5><strong>Anmeldung<\/strong><\/h5>\n<p>Wir werden uns freuen, Sie dabeizuhaben! Nutzen Sie f&uuml;r Ihre Anmeldung zu ICH bin ICH in Istrien gerne unser <a href=\"https:\/\/boesels.at\/terminsystem\/\" target=\"_blank\" rel=\"noopener\">Online-Anmelde-Tool<\/a>.<\/p><\/div><\/div><\/div><\/div><\/div><\/div>\n","protected":false},"excerpt":{"rendered":"<p>ICH bin ICH in Istrien: Psychotherapie &amp; Pers&ouml;nlichkeitsentwicklung f&uuml;r alleEin Hauch von Luxus, Meerblick, Weitblick [&hellip;]<\/p>\n","protected":false},"author":3,"featured_media":0,"parent":0,"menu_order":0,"comment_status":"closed","ping_status":"closed","template":"template-blank-4.php","meta":{"_acf_changed":false,"ub_ctt_via":"","footnotes":""},"class_list":["post-2017","page","type-page","status-publish","hentry","no-post-thumbnail"],"acf":[],"featured_image_src":null,"yoast_head":"<!-- This site is optimized with the Yoast SEO plugin v25.0 - https:\/\/yoast.com\/wordpress\/plugins\/seo\/ -->\n<title>f\u00fcr Alle - B\u00f6sels<\/title>\n<meta name=\"robots\" content=\"index, follow, max-snippet:-1, max-image-preview:large, max-video-preview:-1\" \/>\n<link rel=\"canonical\" href=\"https:\/\/boesels.at\/index.php\/fuer-alle\/\" \/>\n<meta property=\"og:locale\" content=\"de_DE\" \/>\n<meta property=\"og:type\" content=\"article\" \/>\n<meta property=\"og:title\" content=\"f\u00fcr Alle - B\u00f6sels\" \/>\n<meta property=\"og:description\" content=\"ICH bin ICH in Istrien: Psychotherapie &amp; Pers&ouml;nlichkeitsentwicklung f&uuml;r alleEin Hauch von Luxus, Meerblick, Weitblick [&hellip;]\" \/>\n<meta property=\"og:url\" content=\"https:\/\/boesels.at\/index.php\/fuer-alle\/\" \/>\n<meta property=\"og:site_name\" content=\"B\u00f6sels\" \/>\n<meta property=\"article:modified_time\" content=\"2025-11-03T21:09:48+00:00\" \/>\n<meta name=\"twitter:card\" content=\"summary_large_image\" \/>\n<meta name=\"twitter:label1\" content=\"Gesch\u00e4tzte Lesezeit\" \/>\n\t<meta name=\"twitter:data1\" content=\"8\u00a0Minuten\" \/>\n<script type=\"application\/ld+json\" class=\"yoast-schema-graph\">{\"@context\":\"https:\/\/schema.org\",\"@graph\":[{\"@type\":\"WebPage\",\"@id\":\"https:\/\/boesels.at\/index.php\/fuer-alle\/\",\"url\":\"https:\/\/boesels.at\/index.php\/fuer-alle\/\",\"name\":\"f\u00fcr Alle - B\u00f6sels\",\"isPartOf\":{\"@id\":\"https:\/\/boesels.at\/index.php\/#website\"},\"datePublished\":\"2023-02-12T18:04:39+00:00\",\"dateModified\":\"2025-11-03T21:09:48+00:00\",\"breadcrumb\":{\"@id\":\"https:\/\/boesels.at\/index.php\/fuer-alle\/#breadcrumb\"},\"inLanguage\":\"de\",\"potentialAction\":[{\"@type\":\"ReadAction\",\"target\":[\"https:\/\/boesels.at\/index.php\/fuer-alle\/\"]}]},{\"@type\":\"BreadcrumbList\",\"@id\":\"https:\/\/boesels.at\/index.php\/fuer-alle\/#breadcrumb\",\"itemListElement\":[{\"@type\":\"ListItem\",\"position\":1,\"name\":\"Startseite\",\"item\":\"https:\/\/boesels.at\/index.php\/\"},{\"@type\":\"ListItem\",\"position\":2,\"name\":\"f\u00fcr Alle\"}]},{\"@type\":\"WebSite\",\"@id\":\"https:\/\/boesels.at\/index.php\/#website\",\"url\":\"https:\/\/boesels.at\/index.php\/\",\"name\":\"B\u00f6sels\",\"description\":\"beziehungsweise gl\u00fccklich\",\"publisher\":{\"@id\":\"https:\/\/boesels.at\/index.php\/#organization\"},\"potentialAction\":[{\"@type\":\"SearchAction\",\"target\":{\"@type\":\"EntryPoint\",\"urlTemplate\":\"https:\/\/boesels.at\/index.php\/?s={search_term_string}\"},\"query-input\":{\"@type\":\"PropertyValueSpecification\",\"valueRequired\":true,\"valueName\":\"search_term_string\"}}],\"inLanguage\":\"de\"},{\"@type\":\"Organization\",\"@id\":\"https:\/\/boesels.at\/index.php\/#organization\",\"name\":\"B\u00f6sels\",\"url\":\"https:\/\/boesels.at\/index.php\/\",\"logo\":{\"@type\":\"ImageObject\",\"inLanguage\":\"de\",\"@id\":\"https:\/\/boesels.at\/index.php\/#\/schema\/logo\/image\/\",\"url\":\"https:\/\/boesels.at\/wp-content\/uploads\/2020\/03\/logo.png\",\"contentUrl\":\"https:\/\/boesels.at\/wp-content\/uploads\/2020\/03\/logo.png\",\"width\":320,\"height\":122,\"caption\":\"B\u00f6sels\"},\"image\":{\"@id\":\"https:\/\/boesels.at\/index.php\/#\/schema\/logo\/image\/\"}}]}<\/script>\n<!-- \/ Yoast SEO plugin. -->","yoast_head_json":{"title":"f\u00fcr Alle - B\u00f6sels","robots":{"index":"index","follow":"follow","max-snippet":"max-snippet:-1","max-image-preview":"max-image-preview:large","max-video-preview":"max-video-preview:-1"},"canonical":"https:\/\/boesels.at\/index.php\/fuer-alle\/","og_locale":"de_DE","og_type":"article","og_title":"f\u00fcr Alle - B\u00f6sels","og_description":"ICH bin ICH in Istrien: Psychotherapie &amp; Pers&ouml;nlichkeitsentwicklung f&uuml;r alleEin Hauch von Luxus, Meerblick, Weitblick [&hellip;]","og_url":"https:\/\/boesels.at\/index.php\/fuer-alle\/","og_site_name":"B\u00f6sels","article_modified_time":"2025-11-03T21:09:48+00:00","twitter_card":"summary_large_image","twitter_misc":{"Gesch\u00e4tzte Lesezeit":"8\u00a0Minuten"},"schema":{"@context":"https:\/\/schema.org","@graph":[{"@type":"WebPage","@id":"https:\/\/boesels.at\/index.php\/fuer-alle\/","url":"https:\/\/boesels.at\/index.php\/fuer-alle\/","name":"f\u00fcr Alle - B\u00f6sels","isPartOf":{"@id":"https:\/\/boesels.at\/index.php\/#website"},"datePublished":"2023-02-12T18:04:39+00:00","dateModified":"2025-11-03T21:09:48+00:00","breadcrumb":{"@id":"https:\/\/boesels.at\/index.php\/fuer-alle\/#breadcrumb"},"inLanguage":"de","potentialAction":[{"@type":"ReadAction","target":["https:\/\/boesels.at\/index.php\/fuer-alle\/"]}]},{"@type":"BreadcrumbList","@id":"https:\/\/boesels.at\/index.php\/fuer-alle\/#breadcrumb","itemListElement":[{"@type":"ListItem","position":1,"name":"Startseite","item":"https:\/\/boesels.at\/index.php\/"},{"@type":"ListItem","position":2,"name":"f\u00fcr Alle"}]},{"@type":"WebSite","@id":"https:\/\/boesels.at\/index.php\/#website","url":"https:\/\/boesels.at\/index.php\/","name":"B\u00f6sels","description":"beziehungsweise gl\u00fccklich","publisher":{"@id":"https:\/\/boesels.at\/index.php\/#organization"},"potentialAction":[{"@type":"SearchAction","target":{"@type":"EntryPoint","urlTemplate":"https:\/\/boesels.at\/index.php\/?s={search_term_string}"},"query-input":{"@type":"PropertyValueSpecification","valueRequired":true,"valueName":"search_term_string"}}],"inLanguage":"de"},{"@type":"Organization","@id":"https:\/\/boesels.at\/index.php\/#organization","name":"B\u00f6sels","url":"https:\/\/boesels.at\/index.php\/","logo":{"@type":"ImageObject","inLanguage":"de","@id":"https:\/\/boesels.at\/index.php\/#\/schema\/logo\/image\/","url":"https:\/\/boesels.at\/wp-content\/uploads\/2020\/03\/logo.png","contentUrl":"https:\/\/boesels.at\/wp-content\/uploads\/2020\/03\/logo.png","width":320,"height":122,"caption":"B\u00f6sels"},"image":{"@id":"https:\/\/boesels.at\/index.php\/#\/schema\/logo\/image\/"}}]}},"_links":{"self":[{"href":"https:\/\/boesels.at\/index.php\/wp-json\/wp\/v2\/pages\/2017","targetHints":{"allow":["GET"]}}],"collection":[{"href":"https:\/\/boesels.at\/index.php\/wp-json\/wp\/v2\/pages"}],"about":[{"href":"https:\/\/boesels.at\/index.php\/wp-json\/wp\/v2\/types\/page"}],"author":[{"embeddable":true,"href":"https:\/\/boesels.at\/index.php\/wp-json\/wp\/v2\/users\/3"}],"replies":[{"embeddable":true,"href":"https:\/\/boesels.at\/index.php\/wp-json\/wp\/v2\/comments?post=2017"}],"version-history":[{"count":15,"href":"https:\/\/boesels.at\/index.php\/wp-json\/wp\/v2\/pages\/2017\/revisions"}],"predecessor-version":[{"id":2622,"href":"https:\/\/boesels.at\/index.php\/wp-json\/wp\/v2\/pages\/2017\/revisions\/2622"}],"wp:attachment":[{"href":"https:\/\/boesels.at\/index.php\/wp-json\/wp\/v2\/media?parent=2017"}],"curies":[{"name":"wp","href":"https:\/\/api.w.org\/{rel}","templated":true}]}}