{"id":2050,"date":"2023-03-06T21:21:41","date_gmt":"2023-03-06T20:21:41","guid":{"rendered":"https:\/\/boesels.at\/index.php\/?page_id=2050"},"modified":"2023-06-16T17:48:20","modified_gmt":"2023-06-16T15:48:20","slug":"newsletter","status":"publish","type":"page","link":"https:\/\/boesels.at\/index.php\/newsletter\/","title":{"rendered":"Neuigkeiten, Beziehungsimpulse \u2026 m\u00f6chten auch Sie unseren Newsletter empfangen?"},"content":{"rendered":"\n<p><\/p>\n\n\n  \n  \n  <div class=\"\n    mailpoet_form_popup_overlay\n      \"><\/div>\n  <div\n    id=\"mailpoet_form_1\"\n    class=\"\n      mailpoet_form\n      mailpoet_form_shortcode\n      mailpoet_form_position_\n      mailpoet_form_animation_\n    \"\n      >\n\n    <style type=\"text\/css\">\n     #mailpoet_form_1 .mailpoet_form {  }\n#mailpoet_form_1 .mailpoet_column_with_background { padding: 10px; }\n#mailpoet_form_1 .mailpoet_form_column:not(:first-child) { margin-left: 20px; }\n#mailpoet_form_1 .mailpoet_paragraph { line-height: 20px; margin-bottom: 20px; }\n#mailpoet_form_1 .mailpoet_segment_label, #mailpoet_form_1 .mailpoet_text_label, #mailpoet_form_1 .mailpoet_textarea_label, #mailpoet_form_1 .mailpoet_select_label, #mailpoet_form_1 .mailpoet_radio_label, #mailpoet_form_1 .mailpoet_checkbox_label, #mailpoet_form_1 .mailpoet_list_label, #mailpoet_form_1 .mailpoet_date_label { display: block; font-weight: normal; }\n#mailpoet_form_1 .mailpoet_text, #mailpoet_form_1 .mailpoet_textarea, #mailpoet_form_1 .mailpoet_select, #mailpoet_form_1 .mailpoet_date_month, #mailpoet_form_1 .mailpoet_date_day, #mailpoet_form_1 .mailpoet_date_year, #mailpoet_form_1 .mailpoet_date { display: block; }\n#mailpoet_form_1 .mailpoet_text, #mailpoet_form_1 .mailpoet_textarea { width: 200px; }\n#mailpoet_form_1 .mailpoet_checkbox {  }\n#mailpoet_form_1 .mailpoet_submit {  }\n#mailpoet_form_1 .mailpoet_divider {  }\n#mailpoet_form_1 .mailpoet_message {  }\n#mailpoet_form_1 .mailpoet_form_loading { width: 30px; text-align: center; line-height: normal; }\n#mailpoet_form_1 .mailpoet_form_loading > span { width: 5px; height: 5px; background-color: #5b5b5b; }\n#mailpoet_form_1 .mailpoet_submit { background: #f0aa4b; border: none; box-shadow: none; color: white; text-shadow: none; outline: none; padding: 1em 2em !important; width: auto !important; }\n#mailpoet_form_1 input[type=\"email\"] { padding: 1.5em !important; font-size: 1.25em; border-color: black !important; }#mailpoet_form_1{border-radius: 0px;text-align: left;}#mailpoet_form_1 form.mailpoet_form {padding: 20px;}#mailpoet_form_1{width: 100%;}#mailpoet_form_1 .mailpoet_message {margin: 0; padding: 0 20px;}#mailpoet_form_1 .mailpoet_paragraph.last {margin-bottom: 0} @media (max-width: 500px) {#mailpoet_form_1 {background-image: none;}} @media (min-width: 500px) {#mailpoet_form_1 .last .mailpoet_paragraph:last-child {margin-bottom: 0}}  @media (max-width: 500px) {#mailpoet_form_1 .mailpoet_form_column:last-child .mailpoet_paragraph:last-child {margin-bottom: 0}} \n    <\/style>\n\n    <form\n      target=\"_self\"\n      method=\"post\"\n      action=\"https:\/\/boesels.at\/wp-admin\/admin-post.php?action=mailpoet_subscription_form\"\n      class=\"mailpoet_form mailpoet_form_form mailpoet_form_shortcode\"\n      novalidate\n      data-delay=\"\"\n      data-exit-intent-enabled=\"\"\n      data-font-family=\"\"\n      data-cookie-expiration-time=\"\"\n    >\n      <input type=\"hidden\" name=\"data[form_id]\" value=\"1\" \/>\n      <input type=\"hidden\" name=\"token\" value=\"57c2d9bbae\" \/>\n      <input type=\"hidden\" name=\"api_version\" value=\"v1\" \/>\n      <input type=\"hidden\" name=\"endpoint\" value=\"subscribers\" \/>\n      <input type=\"hidden\" name=\"mailpoet_method\" value=\"subscribe\" \/>\n\n      <label class=\"mailpoet_hp_email_label\" style=\"display: none !important;\">Bitte dieses Feld leer lassen<input type=\"email\" name=\"data[email]\"\/><\/label><p class=\"mailpoet_form_paragraph \" style=\"text-align: left\">Etwa 8- bis 10-mal pro Jahr verfassen wir einen informativen Newsletter. Wenn Sie diesen erhalten m\u00f6chten, k\u00f6nnen Sie sich an dieser Stelle mit Ihrer E-Mail-Adresse daf\u00fcr anmelden.<\/p>\n<p class=\"mailpoet_form_paragraph \" style=\"text-align: left\">Bitte beachten Sie: Ihre Anmeldung ist erst vollst\u00e4ndig, wenn Sie in der Mail, die wir Ihnen umgehend zusenden, den Best\u00e4tigungslink klicken. Sollten Sie die Mail nicht erhalten, bitten wir Sie, auch in Ihrem Spamverdacht-Ordner nachzusehen. Vielen Dank!<\/p>\n<div class=\"mailpoet_paragraph \"><input type=\"email\" autocomplete=\"email\" class=\"mailpoet_text\" id=\"form_email_1\" name=\"data[form_field_OWY0ODhhYzBlNTk5X2VtYWls]\" title=\"E-Mail-Adresse\" value=\"\" style=\"width:100%;box-sizing:border-box;padding:5px;margin: 0 auto 0 0;\" data-automation-id=\"form_email\"  placeholder=\"E-Mail-Adresse *\" aria-label=\"E-Mail-Adresse *\" data-parsley-errors-container=\".mailpoet_error_17fsk\" data-parsley-required=\"true\" required aria-required=\"true\" data-parsley-minlength=\"6\" data-parsley-maxlength=\"150\" data-parsley-type-message=\"Dieser Wert sollte eine g\u00fcltige E-Mail-Adresse sein.\" data-parsley-required-message=\"Dieses Feld wird ben\u00f6tigt.\"\/><span class=\"mailpoet_error_17fsk\"><\/span><\/div>\n<div class=\"mailpoet_paragraph \"><input type=\"submit\" class=\"mailpoet_submit\" value=\"f\u00fcr Newsletter anmelden\" data-automation-id=\"subscribe-submit-button\" style=\"width:100%;box-sizing:border-box;padding:5px;margin: 0 auto 0 0;border-color:transparent;\" \/><span class=\"mailpoet_form_loading\"><span class=\"mailpoet_bounce1\"><\/span><span class=\"mailpoet_bounce2\"><\/span><span class=\"mailpoet_bounce3\"><\/span><\/span><\/div>\n\n      <div class=\"mailpoet_message\">\n        <p class=\"mailpoet_validate_success\"\n                style=\"display:none;\"\n                >Pr\u00fcfen Sie Ihren Posteingang oder Spam-Ordner, um Ihr Abonnement zu best\u00e4tigen.\n        <\/p>\n        <p class=\"mailpoet_validate_error\"\n                style=\"display:none;\"\n                >        <\/p>\n      <\/div>\n    <\/form>\n\n      <\/div>\n\n  \n\n\n\n<div style=\"height:10px\" aria-hidden=\"true\" class=\"wp-block-spacer\"><\/div>\n\n\n\n<h2 class=\"wp-block-heading\">Unsere Newsletter zum Nachlesen<\/h2>\n\n\n<ul class=\"mailpoet_archive\"><li><span class=\"mailpoet_archive_date\">19. M\u00e4rz 2026<\/span>\n          <span class=\"mailpoet_archive_subject\"><a href=\"https:\/\/boesels.at\/index.php?mailpoet_router&amp;endpoint=view_in_browser&amp;action=view&amp;data=WzM4LCIyZjljZTYwZGJiMWUiLDAsMCwzNCwxXQ\" target=\"_blank\" title=\"Vorschau in neuem Tab anzeigen\">So ein Theater, in dem wir waren + Podcastfolge zu Sinn und Unsinn von Vergebung<\/a><\/span>\n        <\/li><li><span class=\"mailpoet_archive_date\">19. Februar 2026<\/span>\n          <span class=\"mailpoet_archive_subject\"><a href=\"https:\/\/boesels.at\/index.php?mailpoet_router&amp;endpoint=view_in_browser&amp;action=view&amp;data=WzM3LCJmNTY4YjBiZjg4Y2MiLDAsMCwzMywxXQ\" target=\"_blank\" title=\"Vorschau in neuem Tab anzeigen\">Vom Nutzen einer rosa Brille + \ud83c\udfc6Danke an alle, die unseren Podcast jetzt preisverd\u00e4chtig machen!<\/a><\/span>\n        <\/li><li><span class=\"mailpoet_archive_date\">29. Januar 2026<\/span>\n          <span class=\"mailpoet_archive_subject\"><a href=\"https:\/\/boesels.at\/index.php?mailpoet_router&amp;endpoint=view_in_browser&amp;action=view&amp;data=WzM2LCIzNjY4NDUzYTVjMzYiLDAsMCwzMiwxXQ\" target=\"_blank\" title=\"Vorschau in neuem Tab anzeigen\">\ud83c\udff0 Als Paar \u201edie anderen\u201c drau\u00dfen lassen + Anmeldung f\u00fcr 2 Paar-Seminare er\u00f6ffnet<\/a><\/span>\n        <\/li><li><span class=\"mailpoet_archive_date\">15. Januar 2026<\/span>\n          <span class=\"mailpoet_archive_subject\"><a href=\"https:\/\/boesels.at\/index.php?mailpoet_router&amp;endpoint=view_in_browser&amp;action=view&amp;data=WzM1LCI3N2M0ZGU1OTdmMjMiLDAsMCwzMSwxXQ\" target=\"_blank\" title=\"Vorschau in neuem Tab anzeigen\">\ud83c\udf99\ufe0fHaben Sie DAS schon geh\u00f6rt?! Unser Podcast l\u00fcftet so manches Geheimnis der Liebe. <\/a><\/span>\n        <\/li><li><span class=\"mailpoet_archive_date\">20. Dezember 2025<\/span>\n          <span class=\"mailpoet_archive_subject\"><a href=\"https:\/\/boesels.at\/index.php?mailpoet_router&amp;endpoint=view_in_browser&amp;action=view&amp;data=WzM0LCI2NDM3YWYxMjk4YTgiLDAsMCwzMCwxXQ\" target=\"_blank\" title=\"Vorschau in neuem Tab anzeigen\">\ud83c\udf99\ufe0f Unser Podcast ist jetzt online! + Diagnosen f\u00fcr alle? + Weihnachten sanft umgestalten<\/a><\/span>\n        <\/li><li><span class=\"mailpoet_archive_date\">28. November 2025<\/span>\n          <span class=\"mailpoet_archive_subject\"><a href=\"https:\/\/boesels.at\/index.php?mailpoet_router&amp;endpoint=view_in_browser&amp;action=view&amp;data=WzMzLCJmOGY0MjFiZGQ2ZGUiLDAsMCwyOSwxXQ\" target=\"_blank\" title=\"Vorschau in neuem Tab anzeigen\">\ud83e\udd17 Die Kraft der Dankbarkeit + Zeit zu zweit auf Zakynthos + wir B\u00f6sels in den Medien<\/a><\/span>\n        <\/li><li><span class=\"mailpoet_archive_date\">12. September 2025<\/span>\n          <span class=\"mailpoet_archive_subject\"><a href=\"https:\/\/boesels.at\/index.php?mailpoet_router&amp;endpoint=view_in_browser&amp;action=view&amp;data=WzMyLCI1YmY3MDk1ZTdjMWEiLDAsMCwyOCwxXQ\" target=\"_blank\" title=\"Vorschau in neuem Tab anzeigen\">\u2600\ufe0fSchaffen Sie sich Lichtblicke! + 2 Weiterbildungen f\u00fcr Profis<\/a><\/span>\n        <\/li><li><span class=\"mailpoet_archive_date\">24. Juli 2025<\/span>\n          <span class=\"mailpoet_archive_subject\"><a href=\"https:\/\/boesels.at\/index.php?mailpoet_router&amp;endpoint=view_in_browser&amp;action=view&amp;data=WzMxLCIxMGYxYzg0ODAwOWMiLDAsMCwyNywxXQ\" target=\"_blank\" title=\"Vorschau in neuem Tab anzeigen\">\ud83c\udfd4\ufe0f Auf 1.700 m hat es sich ausgeblinkt + Quereinstieg f\u00fcr 3 + Neuauflage f\u00fcr \u201eSpielend wachsen\u201c <\/a><\/span>\n        <\/li><li><span class=\"mailpoet_archive_date\">14. Juni 2025<\/span>\n          <span class=\"mailpoet_archive_subject\"><a href=\"https:\/\/boesels.at\/index.php?mailpoet_router&amp;endpoint=view_in_browser&amp;action=view&amp;data=WzMwLCI5YmFlYTkwZDYwMTIiLDAsMCwyNiwxXQ\" target=\"_blank\" title=\"Vorschau in neuem Tab anzeigen\">\ud83d\udc1a Wieso die gelingende Entwicklung als Paar nach Turmdeckelschnecke aussieht + 2 M\u00e4nner, bitte! <\/a><\/span>\n        <\/li><li><span class=\"mailpoet_archive_date\">15. Mai 2025<\/span>\n          <span class=\"mailpoet_archive_subject\"><a href=\"https:\/\/boesels.at\/index.php?mailpoet_router&amp;endpoint=view_in_browser&amp;action=view&amp;data=WzI5LCJhYjhmMmVlNjk1MGMiLDAsMCwyNSwxXQ\" target=\"_blank\" title=\"Vorschau in neuem Tab anzeigen\">An welchem Wiener Bahnhof \ud83d\ude83 Heilung beginnen kann + letzte Pl\u00e4tze f\u00fcr unser Istrien-Seminar f\u00fcr Nicht-Paare \ud83e\ude91\ud83d\udccb<\/a><\/span>\n        <\/li><li><span class=\"mailpoet_archive_date\">10. April 2025<\/span>\n          <span class=\"mailpoet_archive_subject\"><a href=\"https:\/\/boesels.at\/index.php?mailpoet_router&amp;endpoint=view_in_browser&amp;action=view&amp;data=WzI4LCJlMTUzZTA4ZjY5NGIiLDAsMCwyNCwxXQ\" target=\"_blank\" title=\"Vorschau in neuem Tab anzeigen\">Wieso die Steiermark und wir eine Beziehung haben + ein Geschenk zur Auszeit \ud83c\udf81<\/a><\/span>\n        <\/li><li><span class=\"mailpoet_archive_date\">7. M\u00e4rz 2025<\/span>\n          <span class=\"mailpoet_archive_subject\"><a href=\"https:\/\/boesels.at\/index.php?mailpoet_router&amp;endpoint=view_in_browser&amp;action=view&amp;data=WzI3LCJlZjM5YmZiNzhiOTciLDAsMCwyMiwxXQ\" target=\"_blank\" title=\"Vorschau in neuem Tab anzeigen\">Beziehungsfalle \ud83e\udea4 Kompromiss + Therapie trotz Engpass: 2 gef\u00f6rderte Paarseminar-Pl\u00e4tze \ud83c\udf81<\/a><\/span>\n        <\/li><li><span class=\"mailpoet_archive_date\">10. Januar 2025<\/span>\n          <span class=\"mailpoet_archive_subject\"><a href=\"https:\/\/boesels.at\/index.php?mailpoet_router&amp;endpoint=view_in_browser&amp;action=view&amp;data=WzI2LCI1Y2Y0ZDIwMjUxYTYiLDAsMCwyMSwxXQ\" target=\"_blank\" title=\"Vorschau in neuem Tab anzeigen\">Vortragsreihe \u201eBeziehungsfallen\u201c + jahrzehntelang Mitgetragenes l\u00f6sen + ein gro\u00dfes Geschenk nach dem Glitzern<\/a><\/span>\n        <\/li><li><span class=\"mailpoet_archive_date\">29. November 2024<\/span>\n          <span class=\"mailpoet_archive_subject\"><a href=\"https:\/\/boesels.at\/index.php?mailpoet_router&amp;endpoint=view_in_browser&amp;action=view&amp;data=WzI1LCJiZDg4OGQ0ZjdlNDAiLDAsMCwyMCwxXQ\" target=\"_blank\" title=\"Vorschau in neuem Tab anzeigen\">Wie Weihnachtsgeb\u00e4ck im August mit Fr\u00fchlingsgef\u00fchlen im Advent zusammenh\u00e4ngt. <\/a><\/span>\n        <\/li><li><span class=\"mailpoet_archive_date\">8. November 2024<\/span>\n          <span class=\"mailpoet_archive_subject\"><a href=\"https:\/\/boesels.at\/index.php?mailpoet_router&amp;endpoint=view_in_browser&amp;action=view&amp;data=WzI0LCJmYTEyZjgwZTY2YTUiLDAsMCwxOSwxXQ\" target=\"_blank\" title=\"Vorschau in neuem Tab anzeigen\">Jeder hat ein dunkles Geheimnis. Jede auch.<\/a><\/span>\n        <\/li><li><span class=\"mailpoet_archive_date\">3. Oktober 2024<\/span>\n          <span class=\"mailpoet_archive_subject\"><a href=\"https:\/\/boesels.at\/index.php?mailpoet_router&amp;endpoint=view_in_browser&amp;action=view&amp;data=WzIzLCJlMWM3NjljMGNjYmIiLDAsMCwxOCwxXQ\" target=\"_blank\" title=\"Vorschau in neuem Tab anzeigen\">Oft gefragt, jetzt neu beantwortet: \u201eHaben Sie denn echt nur was f\u00fcr Paare?\u201c <\/a><\/span>\n        <\/li><li><span class=\"mailpoet_archive_date\">6. September 2024<\/span>\n          <span class=\"mailpoet_archive_subject\"><a href=\"https:\/\/boesels.at\/index.php?mailpoet_router&amp;endpoint=view_in_browser&amp;action=view&amp;data=WzIyLCI3MWVmNGEzZmIxZTkiLDAsMCwxNywxXQ\" target=\"_blank\" title=\"Vorschau in neuem Tab anzeigen\">Von der Freude, vom H\u00f6ren und ob es einen Podcast braucht. Was meinen Sie? <\/a><\/span>\n        <\/li><li><span class=\"mailpoet_archive_date\">9. August 2024<\/span>\n          <span class=\"mailpoet_archive_subject\"><a href=\"https:\/\/boesels.at\/index.php?mailpoet_router&amp;endpoint=view_in_browser&amp;action=view&amp;data=WzIxLCIxOTY5ZDYxZGZkMTUiLDAsMCwxNiwxXQ\" target=\"_blank\" title=\"Vorschau in neuem Tab anzeigen\">Talk im Turm, heilsame Arbeit mit Familien &amp; was Erich K\u00e4stner damit zu tun hat.<\/a><\/span>\n        <\/li><li><span class=\"mailpoet_archive_date\">21. Juni 2024<\/span>\n          <span class=\"mailpoet_archive_subject\"><a href=\"https:\/\/boesels.at\/index.php?mailpoet_router&amp;endpoint=view_in_browser&amp;action=view&amp;data=WzIwLCI2MjllMzAwNDlkMTAiLDAsMCwxNSwxXQ\" target=\"_blank\" title=\"Vorschau in neuem Tab anzeigen\">Paarseminar in der Steiermark mit richtigem Datum &amp; Online-Kurs rund um die Uhr<\/a><\/span>\n        <\/li><li><span class=\"mailpoet_archive_date\">15. Juni 2024<\/span>\n          <span class=\"mailpoet_archive_subject\"><a href=\"https:\/\/boesels.at\/index.php?mailpoet_router&amp;endpoint=view_in_browser&amp;action=view&amp;data=WzE5LCJlNTc1Yjg2OWVhNzkiLDAsMCwxNCwxXQ\" target=\"_blank\" title=\"Vorschau in neuem Tab anzeigen\">Liebe, Finanzen, Tanzen &amp; die Chance auf gro\u00dfe Geschenke.<\/a><\/span>\n        <\/li><li><span class=\"mailpoet_archive_date\">17. Mai 2024<\/span>\n          <span class=\"mailpoet_archive_subject\"><a href=\"https:\/\/boesels.at\/index.php?mailpoet_router&amp;endpoint=view_in_browser&amp;action=view&amp;data=WzE4LCI2MDdhMmVhNGU4NDAiLDAsMCwxMywxXQ\" target=\"_blank\" title=\"Vorschau in neuem Tab anzeigen\">Wie Ver\u00e4nderung freudvoll gelingt &amp; warum andere Leute dabei erstaunlich wichtig sind <\/a><\/span>\n        <\/li><li><span class=\"mailpoet_archive_date\">15. M\u00e4rz 2024<\/span>\n          <span class=\"mailpoet_archive_subject\"><a href=\"https:\/\/boesels.at\/index.php?mailpoet_router&amp;endpoint=view_in_browser&amp;action=view&amp;data=WzE3LCIwMWYyMDIyYzNlZmQiLDAsMCwxMiwxXQ\" target=\"_blank\" title=\"Vorschau in neuem Tab anzeigen\">Entwicklung ist pers\u00f6nlich: Wo ein Paar zu sein oder alleine wenig Unterschied macht.<\/a><\/span>\n        <\/li><li><span class=\"mailpoet_archive_date\">9. Februar 2024<\/span>\n          <span class=\"mailpoet_archive_subject\"><a href=\"https:\/\/boesels.at\/index.php?mailpoet_router&amp;endpoint=view_in_browser&amp;action=view&amp;data=WzE2LCJlMGQ2ZWQxMDIxY2QiLDAsMCwxMSwxXQ\" target=\"_blank\" title=\"Vorschau in neuem Tab anzeigen\">Zum Valentinstag schenken wir Einsichten und zwei unserer B\u00fccher.<\/a><\/span>\n        <\/li><li><span class=\"mailpoet_archive_date\">5. Januar 2024<\/span>\n          <span class=\"mailpoet_archive_subject\"><a href=\"https:\/\/boesels.at\/index.php?mailpoet_router&amp;endpoint=view_in_browser&amp;action=view&amp;data=WzE0LCJlZGQzZjRiYjE2YjciLDAsMCwxMCwxXQ\" target=\"_blank\" title=\"Vorschau in neuem Tab anzeigen\">Wie Beziehungen l\u00e4nger halten als Neujahrsvors\u00e4tze<\/a><\/span>\n        <\/li><li><span class=\"mailpoet_archive_date\">16. Dezember 2023<\/span>\n          <span class=\"mailpoet_archive_subject\"><a href=\"https:\/\/boesels.at\/index.php?mailpoet_router&amp;endpoint=view_in_browser&amp;action=view&amp;data=WzEzLCJmODdkMmI4MjgxYjAiLDAsMCw5LDFd\" target=\"_blank\" title=\"Vorschau in neuem Tab anzeigen\">Online-Kurs jetzt verf\u00fcgbar<\/a><\/span>\n        <\/li><li><span class=\"mailpoet_archive_date\">15. Dezember 2023<\/span>\n          <span class=\"mailpoet_archive_subject\"><a href=\"https:\/\/boesels.at\/index.php?mailpoet_router&amp;endpoint=view_in_browser&amp;action=view&amp;data=WzEyLCJiZWUwNTI0MGViNjQiLDAsMCw4LDFd\" target=\"_blank\" title=\"Vorschau in neuem Tab anzeigen\">B\u00f6sel&#039;s Newsletter 06-2023<\/a><\/span>\n        <\/li><li><span class=\"mailpoet_archive_date\">17. November 2023<\/span>\n          <span class=\"mailpoet_archive_subject\"><a href=\"https:\/\/boesels.at\/index.php?mailpoet_router&amp;endpoint=view_in_browser&amp;action=view&amp;data=WzExLCI3NDQyZGJiYWJlZWQiLDAsMCw3LDFd\" target=\"_blank\" title=\"Vorschau in neuem Tab anzeigen\">B\u00f6sel&#039;s Newsletter 05-2023<\/a><\/span>\n        <\/li><li><span class=\"mailpoet_archive_date\">8. September 2023<\/span>\n          <span class=\"mailpoet_archive_subject\"><a href=\"https:\/\/boesels.at\/index.php?mailpoet_router&amp;endpoint=view_in_browser&amp;action=view&amp;data=WzEwLCJjNDQxYWVmYTUwMDAiLDAsMCw2LDFd\" target=\"_blank\" title=\"Vorschau in neuem Tab anzeigen\">B\u00f6sel&#039;s Newsletter 04-2023<\/a><\/span>\n        <\/li><li><span class=\"mailpoet_archive_date\">17. Juni 2023<\/span>\n          <span class=\"mailpoet_archive_subject\"><a href=\"https:\/\/boesels.at\/index.php?mailpoet_router&amp;endpoint=view_in_browser&amp;action=view&amp;data=WzksIjFlOTVlYWVhZWRjYyIsMCwwLDUsMV0\" target=\"_blank\" title=\"Vorschau in neuem Tab anzeigen\">B\u00f6sel&#039;s Newsletter 03-2023<\/a><\/span>\n        <\/li><li><span class=\"mailpoet_archive_date\">1. April 2023<\/span>\n          <span class=\"mailpoet_archive_subject\"><a href=\"https:\/\/boesels.at\/index.php?mailpoet_router&amp;endpoint=view_in_browser&amp;action=view&amp;data=WzgsImMxYTBmNDE0YTZjZCIsMCwwLDQsMV0\" target=\"_blank\" title=\"Vorschau in neuem Tab anzeigen\">B\u00f6sel&#039;s Newsletter 02-2023<\/a><\/span>\n        <\/li><li><span class=\"mailpoet_archive_date\">11. M\u00e4rz 2023<\/span>\n          <span class=\"mailpoet_archive_subject\"><a href=\"https:\/\/boesels.at\/index.php?mailpoet_router&amp;endpoint=view_in_browser&amp;action=view&amp;data=WzUsIjVlYzE5NjUxMjcxNiIsMCwwLDEsMV0\" target=\"_blank\" title=\"Vorschau in neuem Tab anzeigen\">B\u00f6sel&#039;s Newsletter 01-2023<\/a><\/span>\n        <\/li><\/ul>\n","protected":false},"excerpt":{"rendered":"<p>Unsere Newsletter zum Nachlesen<\/p>\n","protected":false},"author":3,"featured_media":0,"parent":0,"menu_order":0,"comment_status":"closed","ping_status":"closed","template":"","meta":{"_acf_changed":false,"ub_ctt_via":"","footnotes":""},"class_list":["post-2050","page","type-page","status-publish","hentry","no-post-thumbnail"],"acf":[],"featured_image_src":null,"yoast_head":"<!-- This site is optimized with the Yoast SEO plugin v25.0 - https:\/\/yoast.com\/wordpress\/plugins\/seo\/ -->\n<title>Neuigkeiten, Beziehungsimpulse \u2026 m\u00f6chten auch Sie unseren Newsletter empfangen? - B\u00f6sels<\/title>\n<meta name=\"robots\" content=\"index, follow, max-snippet:-1, max-image-preview:large, max-video-preview:-1\" \/>\n<link rel=\"canonical\" href=\"https:\/\/boesels.at\/index.php\/newsletter\/\" \/>\n<meta property=\"og:locale\" content=\"de_DE\" \/>\n<meta property=\"og:type\" content=\"article\" \/>\n<meta property=\"og:title\" content=\"Neuigkeiten, Beziehungsimpulse \u2026 m\u00f6chten auch Sie unseren Newsletter empfangen? - B\u00f6sels\" \/>\n<meta property=\"og:description\" content=\"Unsere Newsletter zum Nachlesen\" \/>\n<meta property=\"og:url\" content=\"https:\/\/boesels.at\/index.php\/newsletter\/\" \/>\n<meta property=\"og:site_name\" content=\"B\u00f6sels\" \/>\n<meta property=\"article:modified_time\" content=\"2023-06-16T15:48:20+00:00\" \/>\n<meta name=\"twitter:card\" content=\"summary_large_image\" \/>\n<meta name=\"twitter:label1\" content=\"Gesch\u00e4tzte Lesezeit\" \/>\n\t<meta name=\"twitter:data1\" content=\"1\u00a0Minute\" \/>\n<script type=\"application\/ld+json\" class=\"yoast-schema-graph\">{\"@context\":\"https:\/\/schema.org\",\"@graph\":[{\"@type\":\"WebPage\",\"@id\":\"https:\/\/boesels.at\/index.php\/newsletter\/\",\"url\":\"https:\/\/boesels.at\/index.php\/newsletter\/\",\"name\":\"Neuigkeiten, Beziehungsimpulse \u2026 m\u00f6chten auch Sie unseren Newsletter empfangen? - B\u00f6sels\",\"isPartOf\":{\"@id\":\"https:\/\/boesels.at\/index.php\/#website\"},\"datePublished\":\"2023-03-06T20:21:41+00:00\",\"dateModified\":\"2023-06-16T15:48:20+00:00\",\"breadcrumb\":{\"@id\":\"https:\/\/boesels.at\/index.php\/newsletter\/#breadcrumb\"},\"inLanguage\":\"de\",\"potentialAction\":[{\"@type\":\"ReadAction\",\"target\":[\"https:\/\/boesels.at\/index.php\/newsletter\/\"]}]},{\"@type\":\"BreadcrumbList\",\"@id\":\"https:\/\/boesels.at\/index.php\/newsletter\/#breadcrumb\",\"itemListElement\":[{\"@type\":\"ListItem\",\"position\":1,\"name\":\"Startseite\",\"item\":\"https:\/\/boesels.at\/index.php\/\"},{\"@type\":\"ListItem\",\"position\":2,\"name\":\"Neuigkeiten, Beziehungsimpulse \u2026 m\u00f6chten auch Sie unseren Newsletter empfangen?\"}]},{\"@type\":\"WebSite\",\"@id\":\"https:\/\/boesels.at\/index.php\/#website\",\"url\":\"https:\/\/boesels.at\/index.php\/\",\"name\":\"B\u00f6sels\",\"description\":\"beziehungsweise gl\u00fccklich\",\"publisher\":{\"@id\":\"https:\/\/boesels.at\/index.php\/#organization\"},\"potentialAction\":[{\"@type\":\"SearchAction\",\"target\":{\"@type\":\"EntryPoint\",\"urlTemplate\":\"https:\/\/boesels.at\/index.php\/?s={search_term_string}\"},\"query-input\":{\"@type\":\"PropertyValueSpecification\",\"valueRequired\":true,\"valueName\":\"search_term_string\"}}],\"inLanguage\":\"de\"},{\"@type\":\"Organization\",\"@id\":\"https:\/\/boesels.at\/index.php\/#organization\",\"name\":\"B\u00f6sels\",\"url\":\"https:\/\/boesels.at\/index.php\/\",\"logo\":{\"@type\":\"ImageObject\",\"inLanguage\":\"de\",\"@id\":\"https:\/\/boesels.at\/index.php\/#\/schema\/logo\/image\/\",\"url\":\"https:\/\/boesels.at\/wp-content\/uploads\/2020\/03\/logo.png\",\"contentUrl\":\"https:\/\/boesels.at\/wp-content\/uploads\/2020\/03\/logo.png\",\"width\":320,\"height\":122,\"caption\":\"B\u00f6sels\"},\"image\":{\"@id\":\"https:\/\/boesels.at\/index.php\/#\/schema\/logo\/image\/\"}}]}<\/script>\n<!-- \/ Yoast SEO plugin. -->","yoast_head_json":{"title":"Neuigkeiten, Beziehungsimpulse \u2026 m\u00f6chten auch Sie unseren Newsletter empfangen? - B\u00f6sels","robots":{"index":"index","follow":"follow","max-snippet":"max-snippet:-1","max-image-preview":"max-image-preview:large","max-video-preview":"max-video-preview:-1"},"canonical":"https:\/\/boesels.at\/index.php\/newsletter\/","og_locale":"de_DE","og_type":"article","og_title":"Neuigkeiten, Beziehungsimpulse \u2026 m\u00f6chten auch Sie unseren Newsletter empfangen? - B\u00f6sels","og_description":"Unsere Newsletter zum Nachlesen","og_url":"https:\/\/boesels.at\/index.php\/newsletter\/","og_site_name":"B\u00f6sels","article_modified_time":"2023-06-16T15:48:20+00:00","twitter_card":"summary_large_image","twitter_misc":{"Gesch\u00e4tzte Lesezeit":"1\u00a0Minute"},"schema":{"@context":"https:\/\/schema.org","@graph":[{"@type":"WebPage","@id":"https:\/\/boesels.at\/index.php\/newsletter\/","url":"https:\/\/boesels.at\/index.php\/newsletter\/","name":"Neuigkeiten, Beziehungsimpulse \u2026 m\u00f6chten auch Sie unseren Newsletter empfangen? - B\u00f6sels","isPartOf":{"@id":"https:\/\/boesels.at\/index.php\/#website"},"datePublished":"2023-03-06T20:21:41+00:00","dateModified":"2023-06-16T15:48:20+00:00","breadcrumb":{"@id":"https:\/\/boesels.at\/index.php\/newsletter\/#breadcrumb"},"inLanguage":"de","potentialAction":[{"@type":"ReadAction","target":["https:\/\/boesels.at\/index.php\/newsletter\/"]}]},{"@type":"BreadcrumbList","@id":"https:\/\/boesels.at\/index.php\/newsletter\/#breadcrumb","itemListElement":[{"@type":"ListItem","position":1,"name":"Startseite","item":"https:\/\/boesels.at\/index.php\/"},{"@type":"ListItem","position":2,"name":"Neuigkeiten, Beziehungsimpulse \u2026 m\u00f6chten auch Sie unseren Newsletter empfangen?"}]},{"@type":"WebSite","@id":"https:\/\/boesels.at\/index.php\/#website","url":"https:\/\/boesels.at\/index.php\/","name":"B\u00f6sels","description":"beziehungsweise gl\u00fccklich","publisher":{"@id":"https:\/\/boesels.at\/index.php\/#organization"},"potentialAction":[{"@type":"SearchAction","target":{"@type":"EntryPoint","urlTemplate":"https:\/\/boesels.at\/index.php\/?s={search_term_string}"},"query-input":{"@type":"PropertyValueSpecification","valueRequired":true,"valueName":"search_term_string"}}],"inLanguage":"de"},{"@type":"Organization","@id":"https:\/\/boesels.at\/index.php\/#organization","name":"B\u00f6sels","url":"https:\/\/boesels.at\/index.php\/","logo":{"@type":"ImageObject","inLanguage":"de","@id":"https:\/\/boesels.at\/index.php\/#\/schema\/logo\/image\/","url":"https:\/\/boesels.at\/wp-content\/uploads\/2020\/03\/logo.png","contentUrl":"https:\/\/boesels.at\/wp-content\/uploads\/2020\/03\/logo.png","width":320,"height":122,"caption":"B\u00f6sels"},"image":{"@id":"https:\/\/boesels.at\/index.php\/#\/schema\/logo\/image\/"}}]}},"_links":{"self":[{"href":"https:\/\/boesels.at\/index.php\/wp-json\/wp\/v2\/pages\/2050","targetHints":{"allow":["GET"]}}],"collection":[{"href":"https:\/\/boesels.at\/index.php\/wp-json\/wp\/v2\/pages"}],"about":[{"href":"https:\/\/boesels.at\/index.php\/wp-json\/wp\/v2\/types\/page"}],"author":[{"embeddable":true,"href":"https:\/\/boesels.at\/index.php\/wp-json\/wp\/v2\/users\/3"}],"replies":[{"embeddable":true,"href":"https:\/\/boesels.at\/index.php\/wp-json\/wp\/v2\/comments?post=2050"}],"version-history":[{"count":12,"href":"https:\/\/boesels.at\/index.php\/wp-json\/wp\/v2\/pages\/2050\/revisions"}],"predecessor-version":[{"id":2070,"href":"https:\/\/boesels.at\/index.php\/wp-json\/wp\/v2\/pages\/2050\/revisions\/2070"}],"wp:attachment":[{"href":"https:\/\/boesels.at\/index.php\/wp-json\/wp\/v2\/media?parent=2050"}],"curies":[{"name":"wp","href":"https:\/\/api.w.org\/{rel}","templated":true}]}}