{"id":2242,"date":"2023-12-14T09:16:40","date_gmt":"2023-12-14T08:16:40","guid":{"rendered":"https:\/\/boesels.at\/index.php\/datenschutz-2\/"},"modified":"2026-01-26T11:06:08","modified_gmt":"2026-01-26T10:06:08","slug":"online-kurs","status":"publish","type":"page","link":"https:\/\/boesels.at\/index.php\/online-kurs\/","title":{"rendered":"Liebesdoppel &#8211; Online-Kurs f\u00fcr gelingende Beziehungen"},"content":{"rendered":"<div id=\"cs-content\" class=\"cs-content\"><div class=\"x-section e2242-e1 m1qa-0\"><div class=\"x-row x-container max width e2242-e2 m1qa-1 m1qa-2 m1qa-3 m1qa-6 m1qa-7\"><div class=\"x-row-inner\"><div class=\"x-col e2242-e3 m1qa-c\"><h1  class=\"h-custom-headline cs-ta-center h2\" ><span>Liebesdoppel - Online-Kurs f\u00fcr gelingende Beziehungen<\/span><\/h1><\/div><\/div><\/div><\/div><div class=\"x-section e2242-e5 m1qa-0\"><div class=\"x-row x-container max width e2242-e6 m1qa-1 m1qa-4 m1qa-5 m1qa-6 m1qa-8\"><div class=\"x-row-inner\"><div class=\"x-col e2242-e7 m1qa-c\"><a class=\"x-image e2242-e8 m1qa-d m1qa-e\" href=\"https:\/\/www.liebesdoppel.at\" target=\"_blank\" rel=\"noopener noreferrer\"><img decoding=\"async\" src=\"https:\/\/boesels.at\/wp-content\/uploads\/2026\/01\/3bb7975f7f063bf84ae5d18b17c4aa54.jpg\" srcset=\"https:\/\/boesels.at\/wp-content\/uploads\/2026\/01\/3bb7975f7f063bf84ae5d18b17c4aa54.jpg 1000w, https:\/\/boesels.at\/wp-content\/uploads\/2026\/01\/3bb7975f7f063bf84ae5d18b17c4aa54-300x77.jpg 300w, https:\/\/boesels.at\/wp-content\/uploads\/2026\/01\/3bb7975f7f063bf84ae5d18b17c4aa54-768x198.jpg 768w, https:\/\/boesels.at\/wp-content\/uploads\/2026\/01\/3bb7975f7f063bf84ae5d18b17c4aa54-100x26.jpg 100w\" sizes=\"(max-width: 1000px) 100vw, 1000px\" alt=\"Liebesdoppel Logo\" loading=\"lazy\"><\/a><div class=\"x-text x-content e2242-e9 m1qa-g m1qa-h\"><p class=\"p1\"><span class=\"s1\">Oft nachgefragt, jetzt umgesetzt<\/span>! <span class=\"s1\">Wir B&ouml;sels haben einen Online-Kurs kreiert<\/span>: m<span class=\"s1\">it kurzweiligen Videos, praktischen &Uuml;bungen sowie Anleitungen und &Uuml;bungsbl&auml;ttern zum Download<\/span>. <strong>Liebesdoppel begleitet Sie ein St&uuml;ck auf Ihrer Beziehungsreise &ndash; egal, ob Sie bereits in einer Partnerschaft leben oder erst eine neue Beziehung eingehen m&ouml;chten. <\/strong><\/p><\/div><\/div><div class=\"x-col e2242-e10 m1qa-c\"><span class=\"x-image e2242-e11 m1qa-d m1qa-f\"><img decoding=\"async\" src=\"https:\/\/boesels.at\/wp-content\/uploads\/2023\/09\/Depositphotos_138357148_XL-scaled.jpg\" width=\"1280\" height=\"854\" alt=\"Image\" loading=\"lazy\"><\/span><\/div><\/div><\/div><div class=\"x-row x-container max width e2242-e12 m1qa-1 m1qa-4 m1qa-5 m1qa-6 m1qa-9\"><div class=\"x-row-inner\"><div class=\"x-col e2242-e13 m1qa-c\"><div class=\"x-text x-content e2242-e14 m1qa-h m1qa-i\"><h5 class=\"p1\"><b>Unser Online-Kurs hat eine Geschichte &ndash; und 15 Module<\/b><\/h5><\/div><div class=\"x-text x-content e2242-e15 m1qa-g m1qa-h\"><p class=\"p1\">In den letzten Jahren, speziell seit unsere Welt noch einmal einen gro&szlig;en Schritt in Richtung Virtualisierung gegangen ist, wurde ein bestimmter Wunsch immer wieder an uns herangetragen. Der lautete in vielen Varianten immer in etwa so: <span class=\"s1\"><b>Macht doch auch mal so einen Kurs, den man einfach von zu Hause aus besuchen kann<\/b><\/span>, mit Videos und Arbeitsbl&auml;ttern!<\/p>\n<p class=\"p1\">Nach anf&auml;nglicher Skepsis &ndash; Sie wissen schon, wir sind im f&uuml;nften Jahrzehnt unserer eigenen Partnerschaft und die Digital Natives wurden erst nach uns geboren &ndash; hat uns die Begeisterung f&uuml;r die Idee, einen Online-Kurs zu entwickeln, gepackt!<\/p>\n<p class=\"p2\">Und jetzt, nach intensiver Arbeit mit viel Spa&szlig; und mancher Nachtschicht? Jetzt ist dieser Kurs fertig und unter dem Namen Liebesdoppel buchbar.<\/p>\n<p class=\"p1\"><a href=\"https:\/\/www.liebesdoppel.at\" target=\"_blank\" rel=\"noopener\"><strong><span class=\"s1\">Liebesdoppel finden Sie auf unserer Kursplattform<\/span>.<\/strong><\/a> <br \/>Um die Kursplattform zu nutzen, ist eine Registrierung (kostenlos) auf der Plattform erforderlich.<\/p><\/div><\/div><\/div><\/div><div class=\"x-row x-container max width e2242-e16 m1qa-1 m1qa-4 m1qa-5 m1qa-6 m1qa-a\"><div class=\"x-row-inner\"><div class=\"x-col e2242-e17 m1qa-c\"><div class=\"x-text x-content e2242-e18 m1qa-h m1qa-i\"><h5 class=\"p1\"><b>Liebesdoppel besteht aus zwei Teilen und insgesamt 15 Kursmodulen.<\/b><b> <\/b><\/h5><\/div><div class=\"x-text x-content e2242-e19 m1qa-g m1qa-h\"><p class=\"p1\"><b>In Teil 1<\/b> <span class=\"s2\">(8 Module) finden Sie eine <\/span><b>Einf&uuml;hrung in den Paardialog<\/b><span class=\"s3\"><b>, <\/b><\/span><b>Wissenswertes<\/b><span class=\"s2\"> zum Warum der <\/span><b>Partnerwahl<\/b><b> <\/b><span class=\"s2\">und Sie finden die <\/span><b>Balance zwischen Sicherheit und Abenteuer und anderen Gegens&auml;tzen<\/b><span class=\"s2\">, die in Partnerschaften aufeinandertreffen. <\/span><\/p>\n<p class=\"p2\"><span class=\"s4\"><b>In Teil 2<\/b><\/span> (7 Module), der optionalen, empfohlenen Fortsetzung von Teil 1, vertiefen wir uns in <span class=\"s4\"><b>die f&uuml;nf Sprachen der Liebe<\/b><\/span>, in <span class=\"s4\"><b>Vergebung<\/b><\/span> und den richtigen Umgang damit, in die erstaunlichen Fallstricke der <span class=\"s4\"><b>Wertsch&auml;tzung<\/b><\/span> und wir betrachten die <span class=\"s4\"><b>so genannte toxische Beziehung<\/b><\/span> aus einem <span class=\"s4\"><b>neuen Blickwinkel<\/b><\/span>.<\/p>\n<p class=\"p1\"><b>Alle Details und die Buchung des Kurses finden Sie auf unserer<\/b><b> <\/b><a href=\"https:\/\/liebesdoppel.at\"><strong><span class=\"s5\">Kursseite<\/span><\/strong><\/a><span class=\"s1\"><b>. <\/b><\/span><\/p><\/div><\/div><\/div><\/div><div class=\"x-row x-container max width e2242-e20 m1qa-1 m1qa-2 m1qa-5 m1qa-6 m1qa-b\"><div class=\"x-row-inner\"><div class=\"x-col e2242-e21 m1qa-c\"><div class=\"x-text x-content e2242-e22 m1qa-h m1qa-i\">F\u00fcr wen ist Liebesdoppel gemacht?<\/div><div class=\"x-text x-content e2242-e23 m1qa-g m1qa-h\"><p class=\"p1\">Der <span class=\"s1\"><b>Online-Kurs Liebesdoppel<\/b><\/span> ist zum einen ein Angebot f&uuml;r Paare und <span class=\"s1\"><b>kann wunderbar zu zweit besucht werden<\/b><\/span>. Doch <span class=\"s1\"><b>Liebesdoppel k&ouml;nnen Sie auch alleine nutzen<\/b><\/span> &ndash; vielleicht, weil Ihr Partner, Ihre Partnerin, gerade nicht mitmachen m&ouml;chte oder weil Sie aktuell Single sind.<\/p>\n<p class=\"p1\">Ob Sie schon einen unserer <a href=\"https:\/\/boesels.at\/imago-paarworkshop\"><span class=\"s3\">Paarworkshops <\/span><\/a>oder <a href=\"https:\/\/boesels.at\/paarseminar-panta-rhei\"><span class=\"s3\">Paarseminare<\/span><\/a> besucht haben oder nicht, ob Sie unsere <a href=\"https:\/\/boesels.at\/publikationen\"><span class=\"s3\">B&uuml;cher<\/span><\/a> kennen oder nicht &ndash; Liebesdoppel ist f&uuml;r Sie gemacht, wenn Sie Lust darauf haben, teilzunehmen.<\/p>\n<p class=\"p1\"><b>Den Online-Kurse Liebesdoppel k&ouml;nnen Sie &uuml;ber unseren<\/b><b> <\/b><a href=\"https:\/\/www.liebesdoppel.at\" target=\"_blank\" rel=\"noopener\"><strong><span class=\"s2\">Kursseite<\/span><\/strong><\/a><b> <\/b><b>buchen.<\/b><b> <\/b><\/p><\/div><\/div><\/div><\/div><\/div><\/div>\n","protected":false},"excerpt":{"rendered":"<p>Liebesdoppel &#8211; Online-Kurs f\u00fcr gelingende BeziehungenOft nachgefragt, jetzt umgesetzt! Wir B&ouml;sels haben einen Online-Kurs kreiert: [&hellip;]<\/p>\n","protected":false},"author":3,"featured_media":0,"parent":0,"menu_order":0,"comment_status":"closed","ping_status":"closed","template":"template-blank-4.php","meta":{"_acf_changed":false,"ub_ctt_via":"","footnotes":""},"class_list":["post-2242","page","type-page","status-publish","hentry","no-post-thumbnail"],"acf":[],"featured_image_src":null,"yoast_head":"<!-- This site is optimized with the Yoast SEO plugin v25.0 - https:\/\/yoast.com\/wordpress\/plugins\/seo\/ -->\n<title>Liebesdoppel - Online-Kurs f\u00fcr gelingende Beziehungen - B\u00f6sels<\/title>\n<meta name=\"robots\" content=\"index, follow, max-snippet:-1, max-image-preview:large, max-video-preview:-1\" \/>\n<link rel=\"canonical\" href=\"https:\/\/boesels.at\/index.php\/online-kurs\/\" \/>\n<meta property=\"og:locale\" content=\"de_DE\" \/>\n<meta property=\"og:type\" content=\"article\" \/>\n<meta property=\"og:title\" content=\"Liebesdoppel - Online-Kurs f\u00fcr gelingende Beziehungen - B\u00f6sels\" \/>\n<meta property=\"og:description\" content=\"Liebesdoppel - Online-Kurs f\u00fcr gelingende BeziehungenOft nachgefragt, jetzt umgesetzt! Wir B&ouml;sels haben einen Online-Kurs kreiert: [&hellip;]\" \/>\n<meta property=\"og:url\" content=\"https:\/\/boesels.at\/index.php\/online-kurs\/\" \/>\n<meta property=\"og:site_name\" content=\"B\u00f6sels\" \/>\n<meta property=\"article:modified_time\" content=\"2026-01-26T10:06:08+00:00\" \/>\n<meta name=\"twitter:card\" content=\"summary_large_image\" \/>\n<meta name=\"twitter:label1\" content=\"Gesch\u00e4tzte Lesezeit\" \/>\n\t<meta name=\"twitter:data1\" content=\"3\u00a0Minuten\" \/>\n<script type=\"application\/ld+json\" class=\"yoast-schema-graph\">{\"@context\":\"https:\/\/schema.org\",\"@graph\":[{\"@type\":\"WebPage\",\"@id\":\"https:\/\/boesels.at\/index.php\/online-kurs\/\",\"url\":\"https:\/\/boesels.at\/index.php\/online-kurs\/\",\"name\":\"Liebesdoppel - Online-Kurs f\u00fcr gelingende Beziehungen - B\u00f6sels\",\"isPartOf\":{\"@id\":\"https:\/\/boesels.at\/index.php\/#website\"},\"datePublished\":\"2023-12-14T08:16:40+00:00\",\"dateModified\":\"2026-01-26T10:06:08+00:00\",\"breadcrumb\":{\"@id\":\"https:\/\/boesels.at\/index.php\/online-kurs\/#breadcrumb\"},\"inLanguage\":\"de\",\"potentialAction\":[{\"@type\":\"ReadAction\",\"target\":[\"https:\/\/boesels.at\/index.php\/online-kurs\/\"]}]},{\"@type\":\"BreadcrumbList\",\"@id\":\"https:\/\/boesels.at\/index.php\/online-kurs\/#breadcrumb\",\"itemListElement\":[{\"@type\":\"ListItem\",\"position\":1,\"name\":\"Startseite\",\"item\":\"https:\/\/boesels.at\/index.php\/\"},{\"@type\":\"ListItem\",\"position\":2,\"name\":\"Liebesdoppel &#8211; Online-Kurs f\u00fcr gelingende Beziehungen\"}]},{\"@type\":\"WebSite\",\"@id\":\"https:\/\/boesels.at\/index.php\/#website\",\"url\":\"https:\/\/boesels.at\/index.php\/\",\"name\":\"B\u00f6sels\",\"description\":\"beziehungsweise gl\u00fccklich\",\"publisher\":{\"@id\":\"https:\/\/boesels.at\/index.php\/#organization\"},\"potentialAction\":[{\"@type\":\"SearchAction\",\"target\":{\"@type\":\"EntryPoint\",\"urlTemplate\":\"https:\/\/boesels.at\/index.php\/?s={search_term_string}\"},\"query-input\":{\"@type\":\"PropertyValueSpecification\",\"valueRequired\":true,\"valueName\":\"search_term_string\"}}],\"inLanguage\":\"de\"},{\"@type\":\"Organization\",\"@id\":\"https:\/\/boesels.at\/index.php\/#organization\",\"name\":\"B\u00f6sels\",\"url\":\"https:\/\/boesels.at\/index.php\/\",\"logo\":{\"@type\":\"ImageObject\",\"inLanguage\":\"de\",\"@id\":\"https:\/\/boesels.at\/index.php\/#\/schema\/logo\/image\/\",\"url\":\"https:\/\/boesels.at\/wp-content\/uploads\/2020\/03\/logo.png\",\"contentUrl\":\"https:\/\/boesels.at\/wp-content\/uploads\/2020\/03\/logo.png\",\"width\":320,\"height\":122,\"caption\":\"B\u00f6sels\"},\"image\":{\"@id\":\"https:\/\/boesels.at\/index.php\/#\/schema\/logo\/image\/\"}}]}<\/script>\n<!-- \/ Yoast SEO plugin. -->","yoast_head_json":{"title":"Liebesdoppel - Online-Kurs f\u00fcr gelingende Beziehungen - B\u00f6sels","robots":{"index":"index","follow":"follow","max-snippet":"max-snippet:-1","max-image-preview":"max-image-preview:large","max-video-preview":"max-video-preview:-1"},"canonical":"https:\/\/boesels.at\/index.php\/online-kurs\/","og_locale":"de_DE","og_type":"article","og_title":"Liebesdoppel - Online-Kurs f\u00fcr gelingende Beziehungen - B\u00f6sels","og_description":"Liebesdoppel - Online-Kurs f\u00fcr gelingende BeziehungenOft nachgefragt, jetzt umgesetzt! Wir B&ouml;sels haben einen Online-Kurs kreiert: [&hellip;]","og_url":"https:\/\/boesels.at\/index.php\/online-kurs\/","og_site_name":"B\u00f6sels","article_modified_time":"2026-01-26T10:06:08+00:00","twitter_card":"summary_large_image","twitter_misc":{"Gesch\u00e4tzte Lesezeit":"3\u00a0Minuten"},"schema":{"@context":"https:\/\/schema.org","@graph":[{"@type":"WebPage","@id":"https:\/\/boesels.at\/index.php\/online-kurs\/","url":"https:\/\/boesels.at\/index.php\/online-kurs\/","name":"Liebesdoppel - Online-Kurs f\u00fcr gelingende Beziehungen - B\u00f6sels","isPartOf":{"@id":"https:\/\/boesels.at\/index.php\/#website"},"datePublished":"2023-12-14T08:16:40+00:00","dateModified":"2026-01-26T10:06:08+00:00","breadcrumb":{"@id":"https:\/\/boesels.at\/index.php\/online-kurs\/#breadcrumb"},"inLanguage":"de","potentialAction":[{"@type":"ReadAction","target":["https:\/\/boesels.at\/index.php\/online-kurs\/"]}]},{"@type":"BreadcrumbList","@id":"https:\/\/boesels.at\/index.php\/online-kurs\/#breadcrumb","itemListElement":[{"@type":"ListItem","position":1,"name":"Startseite","item":"https:\/\/boesels.at\/index.php\/"},{"@type":"ListItem","position":2,"name":"Liebesdoppel &#8211; Online-Kurs f\u00fcr gelingende Beziehungen"}]},{"@type":"WebSite","@id":"https:\/\/boesels.at\/index.php\/#website","url":"https:\/\/boesels.at\/index.php\/","name":"B\u00f6sels","description":"beziehungsweise gl\u00fccklich","publisher":{"@id":"https:\/\/boesels.at\/index.php\/#organization"},"potentialAction":[{"@type":"SearchAction","target":{"@type":"EntryPoint","urlTemplate":"https:\/\/boesels.at\/index.php\/?s={search_term_string}"},"query-input":{"@type":"PropertyValueSpecification","valueRequired":true,"valueName":"search_term_string"}}],"inLanguage":"de"},{"@type":"Organization","@id":"https:\/\/boesels.at\/index.php\/#organization","name":"B\u00f6sels","url":"https:\/\/boesels.at\/index.php\/","logo":{"@type":"ImageObject","inLanguage":"de","@id":"https:\/\/boesels.at\/index.php\/#\/schema\/logo\/image\/","url":"https:\/\/boesels.at\/wp-content\/uploads\/2020\/03\/logo.png","contentUrl":"https:\/\/boesels.at\/wp-content\/uploads\/2020\/03\/logo.png","width":320,"height":122,"caption":"B\u00f6sels"},"image":{"@id":"https:\/\/boesels.at\/index.php\/#\/schema\/logo\/image\/"}}]}},"_links":{"self":[{"href":"https:\/\/boesels.at\/index.php\/wp-json\/wp\/v2\/pages\/2242","targetHints":{"allow":["GET"]}}],"collection":[{"href":"https:\/\/boesels.at\/index.php\/wp-json\/wp\/v2\/pages"}],"about":[{"href":"https:\/\/boesels.at\/index.php\/wp-json\/wp\/v2\/types\/page"}],"author":[{"embeddable":true,"href":"https:\/\/boesels.at\/index.php\/wp-json\/wp\/v2\/users\/3"}],"replies":[{"embeddable":true,"href":"https:\/\/boesels.at\/index.php\/wp-json\/wp\/v2\/comments?post=2242"}],"version-history":[{"count":9,"href":"https:\/\/boesels.at\/index.php\/wp-json\/wp\/v2\/pages\/2242\/revisions"}],"predecessor-version":[{"id":2671,"href":"https:\/\/boesels.at\/index.php\/wp-json\/wp\/v2\/pages\/2242\/revisions\/2671"}],"wp:attachment":[{"href":"https:\/\/boesels.at\/index.php\/wp-json\/wp\/v2\/media?parent=2242"}],"curies":[{"name":"wp","href":"https:\/\/api.w.org\/{rel}","templated":true}]}}