{"id":2697,"date":"2026-03-10T21:03:47","date_gmt":"2026-03-10T20:03:47","guid":{"rendered":"https:\/\/boesels.at\/index.php\/?page_id=2697"},"modified":"2026-03-18T13:19:12","modified_gmt":"2026-03-18T12:19:12","slug":"liebesdoppel-der-podcast-fuers-zwischenmenschliche","status":"publish","type":"page","link":"https:\/\/boesels.at\/index.php\/liebesdoppel-der-podcast-fuers-zwischenmenschliche\/","title":{"rendered":"Liebesdoppel \u2013 der Podcast f\u00fcrs Zwischenmenschliche"},"content":{"rendered":"<div id=\"cs-content\" class=\"cs-content\"><div class=\"x-section e2697-e1 m22x-0 m22x-1\"><div class=\"x-row e2697-e2 m22x-3 m22x-4 m22x-5\"><div class=\"x-row-inner\"><div class=\"x-col e2697-e3 m22x-7 m22x-8\"><ul  class=\"x-block-grid two-up\" ><\/ul><span class=\"x-image e2697-e5 m22x-9 m22x-a m22x-b\"><img decoding=\"async\" src=\"https:\/\/boesels.at\/wp-content\/uploads\/2026\/03\/podcast-Liebesdoppel-header.png\" width=\"738\" height=\"147\" alt=\"Image\" loading=\"lazy\"><\/span><div class=\"x-text x-text-headline e2697-e6 m22x-f\"><div class=\"x-text-content\"><div class=\"x-text-content-text\"><h1 class=\"x-text-content-text-primary\"><b>Liebesdoppel &ndash; der Podcast f&uuml;rs Zwischenmenschliche<\/b><\/h1>\n<\/div><\/div><\/div><div class=\"x-text x-content e2697-e7 m22x-g\"><p style=\"text-align: left;\">Im Bestreben, unser Wissen kostenlos mit allen Interessierten teilen zu k&ouml;nnen, haben wir erkannt: &bdquo;Wir m&uuml;ssen reden&ldquo;. So kommt es, dass wir B&ouml;sels jetzt einen eigenen Podcast haben, in dem jeden Donnerstag eine neue Folge erscheint.<br \/>Entdecken Sie lauschend Antworten auf Allt&auml;gliches, auf Herausforderndes und auf &Uuml;berraschendes, das Ihnen in Beziehungen vielleicht schon passiert ist oder endlich begegnen soll!<\/p><\/div><div class=\"x-grid x-container max width e2697-e8 m22x-h\"><div class=\"x-cell e2697-e9 m22x-i\"><a class=\"x-image e2697-e10 m22x-9 m22x-c m22x-d\" href=\"https:\/\/liebesdoppel.podigee.io\/episodes\" target=\"_blank\" rel=\"noopener noreferrer\"><img decoding=\"async\" src=\"https:\/\/boesels.at\/wp-content\/uploads\/2026\/03\/podigee-logo-text-horizontal-1.webp\" srcset=\"https:\/\/boesels.at\/wp-content\/uploads\/2026\/03\/podigee-logo-text-horizontal-1.webp 669w, https:\/\/boesels.at\/wp-content\/uploads\/2026\/03\/podigee-logo-text-horizontal-1-300x111.webp 300w, https:\/\/boesels.at\/wp-content\/uploads\/2026\/03\/podigee-logo-text-horizontal-1-100x37.webp 100w\" sizes=\"(max-width: 669px) 100vw, 669px\" alt=\"Podigee Logo\" loading=\"lazy\"><\/a><\/div><div class=\"x-cell e2697-e11 m22x-i\"><a class=\"x-image e2697-e12 m22x-9 m22x-c m22x-e\" href=\"https:\/\/open.spotify.com\/show\/6KTHFjal8mnIsMV2GwAG3J\" target=\"_blank\" rel=\"noopener noreferrer\"><img decoding=\"async\" src=\"https:\/\/boesels.at\/wp-content\/uploads\/2026\/03\/Spotify_Full_Logo_RGB_Green-scaled-e1773125221939.png\" width=\"300\" height=\"82\" alt=\"Image\" loading=\"lazy\"><\/a><\/div><div class=\"x-cell e2697-e13 m22x-i\"><a class=\"x-image e2697-e14 m22x-9 m22x-b m22x-c\" href=\"https:\/\/podcasts.apple.com\/de\/podcast\/liebesdoppel\/id1862793315\" target=\"_blank\" rel=\"noopener noreferrer\"><img decoding=\"async\" src=\"https:\/\/boesels.at\/wp-content\/uploads\/2026\/03\/Apple-Podcasts-Logo-Vector.svg-.png\" width=\"937\" height=\"175\" alt=\"Apple Podcasts Logo\" loading=\"lazy\"><\/a><\/div><\/div><\/div><\/div><\/div><\/div><div class=\"x-section e2697-e15 m22x-0 m22x-2\"><div class=\"x-row x-container max width e2697-e16 m22x-3 m22x-4 m22x-6\"><div class=\"x-row-inner\"><div class=\"x-col e2697-e17 m22x-7\"><div id=\"\" class=\"x-text\" style=\"\" ><p><div><ul class=\"impulse-grid\"><li class=\"impulse-post podcast\"><div class=\"image\" style=\"background:url(https:\/\/boesels.at\/wp-content\/uploads\/2026\/03\/Podcastbild_1440x724-1024x515.jpg)\"><div class=\"overlay\"><\/div><span class=\"impulse-date\">5. M\u00e4rz 2026<\/span><h2><a href=\"https:\/\/boesels.at\/index.php\/warum-wir-uns-zu-90-irren\/\">Warum wir uns zu 90 % irren.<\/a><\/h2><\/div><div class=\"impulse-content\"><p class=\"impulse-excerpt\">Die 90:10-Formel erkl\u00e4rt fast alles. Wer sie kennt und bewusst nutzt, hat gute Karten f\u00fcr eine haltbare Partnerschaft und ein einfacheres Leben.<a href=\"https:\/\/boesels.at\/index.php\/warum-wir-uns-zu-90-irren\/\">weiterlesen<\/a><\/p><\/div><\/li><li class=\"impulse-post allgemein podcast\"><div class=\"image\" style=\"background:url(https:\/\/boesels.at\/wp-content\/uploads\/2026\/03\/Podcastbild_1440x724-1024x515.jpg)\"><div class=\"overlay\"><\/div><span class=\"impulse-date\">26. Februar 2026<\/span><h2><a href=\"https:\/\/boesels.at\/index.php\/sagen-was-gut-ist-verbale-blumen-schenken\/\">Sagen, was gut ist: verbale Blumen schenken.<\/a><\/h2><\/div><div class=\"impulse-content\"><p class=\"impulse-excerpt\">Eine der f\u00fcnf Sprachen der Liebe ist es, Anerkennung auszusprechen. Wie leicht f\u00e4llt es dir? Und \u2013 bekommst du selbst genug?<a href=\"https:\/\/boesels.at\/index.php\/sagen-was-gut-ist-verbale-blumen-schenken\/\">weiterlesen<\/a><\/p><\/div><\/li><li class=\"impulse-post allgemein podcast\"><div class=\"image\" style=\"background:url(https:\/\/boesels.at\/wp-content\/uploads\/2026\/03\/Podcastbild_1440x724-1024x515.jpg)\"><div class=\"overlay\"><\/div><span class=\"impulse-date\">19. Februar 2026<\/span><h2><a href=\"https:\/\/boesels.at\/index.php\/was-tun-wenn-die-rosa-brille-grau-wird\/\">Was tun, wenn die rosa Brille grau wird?<\/a><\/h2><\/div><div class=\"impulse-content\"><p class=\"impulse-excerpt\">In der Verliebtheitsphase ist unser Kritikzentrum ausgeschaltet. \u00dcbertreiben wir es mit dem N\u00f6rgeln daf\u00fcr sp\u00e4ter?<a href=\"https:\/\/boesels.at\/index.php\/was-tun-wenn-die-rosa-brille-grau-wird\/\">weiterlesen<\/a><\/p><\/div><\/li><li class=\"impulse-post podcast\"><div class=\"image\" style=\"background:url(https:\/\/boesels.at\/wp-content\/uploads\/2026\/03\/Podcastbild_1440x724-1024x515.jpg)\"><div class=\"overlay\"><\/div><span class=\"impulse-date\">12. Februar 2026<\/span><h2><a href=\"https:\/\/boesels.at\/index.php\/valentinstag-wie-welche-geschenke-ankommen\/\">Valentinstag \u2013 wie welche Geschenke ankommen<\/a><\/h2><\/div><div class=\"impulse-content\"><p class=\"impulse-excerpt\">Rosa Wolken auf Bestellung? Entdecke, was den Valentinstag romantischer macht als pflichtbewusst Rosen zu \u00fcberreichen.<a href=\"https:\/\/boesels.at\/index.php\/valentinstag-wie-welche-geschenke-ankommen\/\">weiterlesen<\/a><\/p><\/div><\/li><li class=\"impulse-post podcast\"><div class=\"image\" style=\"background:url(https:\/\/boesels.at\/wp-content\/uploads\/2026\/03\/Podcastbild_1440x724-1024x515.jpg)\"><div class=\"overlay\"><\/div><span class=\"impulse-date\">5. Februar 2026<\/span><h2><a href=\"https:\/\/boesels.at\/index.php\/sollen-wir-uns-trennen-und-wenn-ja-heute-schon\/\">Sollen wir uns trennen und wenn ja, heute schon?<\/a><\/h2><\/div><div class=\"impulse-content\"><p class=\"impulse-excerpt\">Die Frage nach dem richtigen Grund und Zeitpunkt, sich zu trennen \u2013 und wie du die vielen falschen Antworten darauf an dir vorbeiziehen l\u00e4sst.<a href=\"https:\/\/boesels.at\/index.php\/sollen-wir-uns-trennen-und-wenn-ja-heute-schon\/\">weiterlesen<\/a><\/p><\/div><\/li><li class=\"impulse-post podcast\"><div class=\"image\" style=\"background:url(https:\/\/boesels.at\/wp-content\/uploads\/2026\/03\/Podcastbild_1440x724-1024x515.jpg)\"><div class=\"overlay\"><\/div><span class=\"impulse-date\">29. Januar 2026<\/span><h2><a href=\"https:\/\/boesels.at\/index.php\/der-paarraum-das-hoheitsgebiet-der-liebe\/\">Der Paarraum \u2013 das Hoheitsgebiet der Liebe<\/a><\/h2><\/div><div class=\"impulse-content\"><p class=\"impulse-excerpt\">Wogegen sich Paare zu wenig sch\u00fctzen und wie viel mit gesunder Grenzziehung zur Au\u00dfenwelt zu gewinnen ist.<a href=\"https:\/\/boesels.at\/index.php\/der-paarraum-das-hoheitsgebiet-der-liebe\/\">weiterlesen<\/a><\/p><\/div><\/li><li class=\"impulse-post podcast\"><div class=\"image\" style=\"background:url(https:\/\/boesels.at\/wp-content\/uploads\/2026\/03\/Podcastbild_1440x724-1024x515.jpg)\"><div class=\"overlay\"><\/div><span class=\"impulse-date\">22. Januar 2026<\/span><h2><a href=\"https:\/\/boesels.at\/index.php\/sicherheit-oder-leidenschaft-was-braucht-die-liebe\/\">Sicherheit oder Leidenschaft \u2013 was braucht die Liebe?<\/a><\/h2><\/div><div class=\"impulse-content\"><p class=\"impulse-excerpt\">Sich ausleben und immer wieder Neues entdecken? Einander Halt und Geborgenheit geben? Was davon l\u00e4sst Beziehungen gelingen?<a href=\"https:\/\/boesels.at\/index.php\/sicherheit-oder-leidenschaft-was-braucht-die-liebe\/\">weiterlesen<\/a><\/p><\/div><\/li><li class=\"impulse-post podcast\"><div class=\"image\" style=\"background:url(https:\/\/boesels.at\/wp-content\/uploads\/2026\/03\/Podcastbild_1440x724-1024x515.jpg)\"><div class=\"overlay\"><\/div><span class=\"impulse-date\">15. Januar 2026<\/span><h2><a href=\"https:\/\/boesels.at\/index.php\/beziehung-ohne-ablaufdatum-teil-2\/\">Beziehung ohne Ablaufdatum \u2013 Teil 2<\/a><\/h2><\/div><div class=\"impulse-content\"><div class=\"medium\">Liebesdoppel - Der Podcast<\/div><p class=\"impulse-excerpt\">Krisensichere Partnerschaften fu\u00dfen auch auf Gl\u00fcck \u2013 aber viel mehr auf bestimmten Grundprinzipien, die du zumindest zur H\u00e4lfte selbst in die Hand nehmen kannst.<a href=\"https:\/\/boesels.at\/index.php\/beziehung-ohne-ablaufdatum-teil-2\/\">weiterlesen<\/a><\/p><\/div><\/li><li class=\"impulse-post podcast\"><div class=\"image\" style=\"background:url(https:\/\/boesels.at\/wp-content\/uploads\/2026\/03\/Podcastbild_1440x724-1024x515.jpg)\"><div class=\"overlay\"><\/div><span class=\"impulse-date\">8. Januar 2026<\/span><h2><a href=\"https:\/\/boesels.at\/index.php\/beziehung-ohne-ablaufdatum-teil-1\/\">Beziehung ohne Ablaufdatum \u2013 Teil 1<\/a><\/h2><\/div><div class=\"impulse-content\"><div class=\"medium\">Liebesdoppel - Der Podcast<\/div><p class=\"impulse-excerpt\">Wer viele Jahre als Paar zusammen ist, kennt sie, diese Frage: \u201eWie macht ihr das nur?\u201c<a href=\"https:\/\/boesels.at\/index.php\/beziehung-ohne-ablaufdatum-teil-1\/\">weiterlesen<\/a><\/p><\/div><\/li><li class=\"impulse-post podcast\"><div class=\"image\" style=\"background:url(https:\/\/boesels.at\/wp-content\/uploads\/2026\/03\/Podcastbild_1440x724-1024x515.jpg)\"><div class=\"overlay\"><\/div><span class=\"impulse-date\">19. Dezember 2025<\/span><h2><a href=\"https:\/\/boesels.at\/index.php\/alle-jahre-wieder-weihnachten-als-beziehungstest\/\">Alle Jahre wieder: Weihnachten als Beziehungstest<\/a><\/h2><\/div><div class=\"impulse-content\"><div class=\"medium\">Liebesdoppel - Der Podcast<\/div><p class=\"impulse-excerpt\">Weihnachten ist in der gelebten Praxis oft recht weit weg vom angestrebten \u201eFest der Liebe\u201c. Warum l\u00e4sst Weihnachten die Emotionen gar so hochkochen?<a href=\"https:\/\/boesels.at\/index.php\/alle-jahre-wieder-weihnachten-als-beziehungstest\/\">weiterlesen<\/a><\/p><\/div><\/li><\/ul><\/div><\/p>\n<\/div><\/div><\/div><\/div><\/div><\/div>\n","protected":false},"excerpt":{"rendered":"<p>Liebesdoppel &ndash; der Podcast f&uuml;rs Zwischenmenschliche Im Bestreben, unser Wissen kostenlos mit allen Interessierten teilen [&hellip;]<\/p>\n","protected":false},"author":3,"featured_media":0,"parent":0,"menu_order":0,"comment_status":"closed","ping_status":"closed","template":"","meta":{"_acf_changed":false,"ub_ctt_via":"","footnotes":""},"class_list":["post-2697","page","type-page","status-publish","hentry","no-post-thumbnail"],"acf":[],"featured_image_src":null,"yoast_head":"<!-- This site is optimized with the Yoast SEO plugin v25.0 - https:\/\/yoast.com\/wordpress\/plugins\/seo\/ -->\n<title>Liebesdoppel \u2013 der Podcast f\u00fcrs Zwischenmenschliche - B\u00f6sels<\/title>\n<meta name=\"robots\" content=\"index, follow, max-snippet:-1, max-image-preview:large, max-video-preview:-1\" \/>\n<link rel=\"canonical\" href=\"https:\/\/boesels.at\/index.php\/liebesdoppel-der-podcast-fuers-zwischenmenschliche\/\" \/>\n<meta property=\"og:locale\" content=\"de_DE\" \/>\n<meta property=\"og:type\" content=\"article\" \/>\n<meta property=\"og:title\" content=\"Liebesdoppel \u2013 der Podcast f\u00fcrs Zwischenmenschliche - B\u00f6sels\" \/>\n<meta property=\"og:description\" content=\"Liebesdoppel &ndash; der Podcast f&uuml;rs Zwischenmenschliche Im Bestreben, unser Wissen kostenlos mit allen Interessierten teilen [&hellip;]\" \/>\n<meta property=\"og:url\" content=\"https:\/\/boesels.at\/index.php\/liebesdoppel-der-podcast-fuers-zwischenmenschliche\/\" \/>\n<meta property=\"og:site_name\" content=\"B\u00f6sels\" \/>\n<meta property=\"article:modified_time\" content=\"2026-03-18T12:19:12+00:00\" \/>\n<meta name=\"twitter:card\" content=\"summary_large_image\" \/>\n<meta name=\"twitter:label1\" content=\"Gesch\u00e4tzte Lesezeit\" \/>\n\t<meta name=\"twitter:data1\" content=\"60\u00a0Minuten\" \/>\n<script type=\"application\/ld+json\" class=\"yoast-schema-graph\">{\"@context\":\"https:\/\/schema.org\",\"@graph\":[{\"@type\":\"WebPage\",\"@id\":\"https:\/\/boesels.at\/index.php\/liebesdoppel-der-podcast-fuers-zwischenmenschliche\/\",\"url\":\"https:\/\/boesels.at\/index.php\/liebesdoppel-der-podcast-fuers-zwischenmenschliche\/\",\"name\":\"Liebesdoppel \u2013 der Podcast f\u00fcrs Zwischenmenschliche - B\u00f6sels\",\"isPartOf\":{\"@id\":\"https:\/\/boesels.at\/index.php\/#website\"},\"datePublished\":\"2026-03-10T20:03:47+00:00\",\"dateModified\":\"2026-03-18T12:19:12+00:00\",\"breadcrumb\":{\"@id\":\"https:\/\/boesels.at\/index.php\/liebesdoppel-der-podcast-fuers-zwischenmenschliche\/#breadcrumb\"},\"inLanguage\":\"de\",\"potentialAction\":[{\"@type\":\"ReadAction\",\"target\":[\"https:\/\/boesels.at\/index.php\/liebesdoppel-der-podcast-fuers-zwischenmenschliche\/\"]}]},{\"@type\":\"BreadcrumbList\",\"@id\":\"https:\/\/boesels.at\/index.php\/liebesdoppel-der-podcast-fuers-zwischenmenschliche\/#breadcrumb\",\"itemListElement\":[{\"@type\":\"ListItem\",\"position\":1,\"name\":\"Startseite\",\"item\":\"https:\/\/boesels.at\/index.php\/\"},{\"@type\":\"ListItem\",\"position\":2,\"name\":\"Liebesdoppel \u2013 der Podcast f\u00fcrs Zwischenmenschliche\"}]},{\"@type\":\"WebSite\",\"@id\":\"https:\/\/boesels.at\/index.php\/#website\",\"url\":\"https:\/\/boesels.at\/index.php\/\",\"name\":\"B\u00f6sels\",\"description\":\"beziehungsweise gl\u00fccklich\",\"publisher\":{\"@id\":\"https:\/\/boesels.at\/index.php\/#organization\"},\"potentialAction\":[{\"@type\":\"SearchAction\",\"target\":{\"@type\":\"EntryPoint\",\"urlTemplate\":\"https:\/\/boesels.at\/index.php\/?s={search_term_string}\"},\"query-input\":{\"@type\":\"PropertyValueSpecification\",\"valueRequired\":true,\"valueName\":\"search_term_string\"}}],\"inLanguage\":\"de\"},{\"@type\":\"Organization\",\"@id\":\"https:\/\/boesels.at\/index.php\/#organization\",\"name\":\"B\u00f6sels\",\"url\":\"https:\/\/boesels.at\/index.php\/\",\"logo\":{\"@type\":\"ImageObject\",\"inLanguage\":\"de\",\"@id\":\"https:\/\/boesels.at\/index.php\/#\/schema\/logo\/image\/\",\"url\":\"https:\/\/boesels.at\/wp-content\/uploads\/2020\/03\/logo.png\",\"contentUrl\":\"https:\/\/boesels.at\/wp-content\/uploads\/2020\/03\/logo.png\",\"width\":320,\"height\":122,\"caption\":\"B\u00f6sels\"},\"image\":{\"@id\":\"https:\/\/boesels.at\/index.php\/#\/schema\/logo\/image\/\"}}]}<\/script>\n<!-- \/ Yoast SEO plugin. -->","yoast_head_json":{"title":"Liebesdoppel \u2013 der Podcast f\u00fcrs Zwischenmenschliche - B\u00f6sels","robots":{"index":"index","follow":"follow","max-snippet":"max-snippet:-1","max-image-preview":"max-image-preview:large","max-video-preview":"max-video-preview:-1"},"canonical":"https:\/\/boesels.at\/index.php\/liebesdoppel-der-podcast-fuers-zwischenmenschliche\/","og_locale":"de_DE","og_type":"article","og_title":"Liebesdoppel \u2013 der Podcast f\u00fcrs Zwischenmenschliche - B\u00f6sels","og_description":"Liebesdoppel &ndash; der Podcast f&uuml;rs Zwischenmenschliche Im Bestreben, unser Wissen kostenlos mit allen Interessierten teilen [&hellip;]","og_url":"https:\/\/boesels.at\/index.php\/liebesdoppel-der-podcast-fuers-zwischenmenschliche\/","og_site_name":"B\u00f6sels","article_modified_time":"2026-03-18T12:19:12+00:00","twitter_card":"summary_large_image","twitter_misc":{"Gesch\u00e4tzte Lesezeit":"60\u00a0Minuten"},"schema":{"@context":"https:\/\/schema.org","@graph":[{"@type":"WebPage","@id":"https:\/\/boesels.at\/index.php\/liebesdoppel-der-podcast-fuers-zwischenmenschliche\/","url":"https:\/\/boesels.at\/index.php\/liebesdoppel-der-podcast-fuers-zwischenmenschliche\/","name":"Liebesdoppel \u2013 der Podcast f\u00fcrs Zwischenmenschliche - B\u00f6sels","isPartOf":{"@id":"https:\/\/boesels.at\/index.php\/#website"},"datePublished":"2026-03-10T20:03:47+00:00","dateModified":"2026-03-18T12:19:12+00:00","breadcrumb":{"@id":"https:\/\/boesels.at\/index.php\/liebesdoppel-der-podcast-fuers-zwischenmenschliche\/#breadcrumb"},"inLanguage":"de","potentialAction":[{"@type":"ReadAction","target":["https:\/\/boesels.at\/index.php\/liebesdoppel-der-podcast-fuers-zwischenmenschliche\/"]}]},{"@type":"BreadcrumbList","@id":"https:\/\/boesels.at\/index.php\/liebesdoppel-der-podcast-fuers-zwischenmenschliche\/#breadcrumb","itemListElement":[{"@type":"ListItem","position":1,"name":"Startseite","item":"https:\/\/boesels.at\/index.php\/"},{"@type":"ListItem","position":2,"name":"Liebesdoppel \u2013 der Podcast f\u00fcrs Zwischenmenschliche"}]},{"@type":"WebSite","@id":"https:\/\/boesels.at\/index.php\/#website","url":"https:\/\/boesels.at\/index.php\/","name":"B\u00f6sels","description":"beziehungsweise gl\u00fccklich","publisher":{"@id":"https:\/\/boesels.at\/index.php\/#organization"},"potentialAction":[{"@type":"SearchAction","target":{"@type":"EntryPoint","urlTemplate":"https:\/\/boesels.at\/index.php\/?s={search_term_string}"},"query-input":{"@type":"PropertyValueSpecification","valueRequired":true,"valueName":"search_term_string"}}],"inLanguage":"de"},{"@type":"Organization","@id":"https:\/\/boesels.at\/index.php\/#organization","name":"B\u00f6sels","url":"https:\/\/boesels.at\/index.php\/","logo":{"@type":"ImageObject","inLanguage":"de","@id":"https:\/\/boesels.at\/index.php\/#\/schema\/logo\/image\/","url":"https:\/\/boesels.at\/wp-content\/uploads\/2020\/03\/logo.png","contentUrl":"https:\/\/boesels.at\/wp-content\/uploads\/2020\/03\/logo.png","width":320,"height":122,"caption":"B\u00f6sels"},"image":{"@id":"https:\/\/boesels.at\/index.php\/#\/schema\/logo\/image\/"}}]}},"_links":{"self":[{"href":"https:\/\/boesels.at\/index.php\/wp-json\/wp\/v2\/pages\/2697","targetHints":{"allow":["GET"]}}],"collection":[{"href":"https:\/\/boesels.at\/index.php\/wp-json\/wp\/v2\/pages"}],"about":[{"href":"https:\/\/boesels.at\/index.php\/wp-json\/wp\/v2\/types\/page"}],"author":[{"embeddable":true,"href":"https:\/\/boesels.at\/index.php\/wp-json\/wp\/v2\/users\/3"}],"replies":[{"embeddable":true,"href":"https:\/\/boesels.at\/index.php\/wp-json\/wp\/v2\/comments?post=2697"}],"version-history":[{"count":7,"href":"https:\/\/boesels.at\/index.php\/wp-json\/wp\/v2\/pages\/2697\/revisions"}],"predecessor-version":[{"id":2756,"href":"https:\/\/boesels.at\/index.php\/wp-json\/wp\/v2\/pages\/2697\/revisions\/2756"}],"wp:attachment":[{"href":"https:\/\/boesels.at\/index.php\/wp-json\/wp\/v2\/media?parent=2697"}],"curies":[{"name":"wp","href":"https:\/\/api.w.org\/{rel}","templated":true}]}}