{"id":637,"date":"2020-11-05T14:20:01","date_gmt":"2020-11-05T13:20:01","guid":{"rendered":"https:\/\/boesels.beeawesome.co\/?page_id=637"},"modified":"2026-03-04T20:14:11","modified_gmt":"2026-03-04T19:14:11","slug":"paarseminar-verliebte-eltern-glueckliche-kinder","status":"publish","type":"page","link":"https:\/\/boesels.at\/index.php\/paarseminar-verliebte-eltern-glueckliche-kinder\/","title":{"rendered":"Paarseminar Verliebte Eltern &#8211; gl\u00fcckliche Kinder"},"content":{"rendered":"<div id=\"cs-content\" class=\"cs-content\"><div class=\"x-section e637-e1 mhp-0\"><div class=\"x-bg\" aria-hidden=\"true\"><div class=\"x-bg-layer-lower-image\" style=\" background-image: url(https:\/\/boesels.at\/wp-content\/uploads\/2020\/08\/paare-hintergr-scaled.jpg); background-repeat: no-repeat; background-position: center; background-size: cover;\"><\/div><\/div><div class=\"x-row x-container max width e637-e2 mhp-1 mhp-2 mhp-3 mhp-4 mhp-9 mhp-a\"><div class=\"x-row-inner\"><div class=\"x-col e637-e3 mhp-e mhp-f\"><div class=\"x-text x-text-headline e637-e4 mhp-g\"><div class=\"x-text-content\"><div class=\"x-text-content-text\"><h1 class=\"x-text-content-text-primary\">Paarseminar <em>Verliebte Eltern - gl&uuml;ckliche Kinder<\/em> am Holz&ouml;stersee<\/h1>\n<\/div><\/div><\/div><\/div><\/div><\/div><div class=\"x-row e637-e5 mhp-1 mhp-5 mhp-6 mhp-b\"><div class=\"x-row-inner\"><div class=\"x-col x-hide-md x-hide-sm x-hide-xs e637-e6 mhp-e\"><span class=\"x-image e637-e7 mhp-h mhp-i mhp-j\"><img decoding=\"async\" src=\"https:\/\/boesels.at\/wp-content\/uploads\/2020\/01\/97035_35.jpg\" width=\"616\" height=\"920\" alt=\"Image\" loading=\"lazy\"><\/span><a class=\"x-anchor x-anchor-button e637-e8 mhp-n\" tabindex=\"0\" href=\"#\"><div class=\"x-anchor-content\"><div class=\"x-anchor-text\"><span class=\"x-anchor-text-primary\">f\u00fcr Paare<\/span><\/div><\/div><\/a><\/div><div class=\"x-col e637-e9 mhp-e\"><div class=\"x-text x-content e637-e10 mhp-o mhp-p\"><p>&bdquo;Trotz unserer drei Kinder sind wir immer noch zusammen&ldquo;, sagte einmal ein Paar augenzwinkernd nach einem unserer Seminare. Ja, Kinder brauchen uns als Mutter und Vater oft so sehr, dass im Alltag viel zu wenig Platz f&uuml;r die Paarbeziehung bleibt. Sie zerren an unseren Kr&auml;ften, sodass unsere Energie f&uuml;r eine Entwicklung in der Paarbeziehung nicht ausreicht.<\/p>\n<p><strong>Umso wichtiger ist es, sich als Paar immer wieder Zeit zu nehmen, um den Fokus auf sich selbst und die Beziehung zu richten.<\/strong> Wenn das die Kinder und Jugendlichen auch noch miterleben d&uuml;rfen, ist das ein gro&szlig;es Geschenk f&uuml;r alle in der Familie. Denn Kinder brauchen positive Vorbilder f&uuml;r ihre eigene sp&auml;tere Liebesbeziehung!<\/p>\n<h5>Ein gutes Vorbild sein in Sachen Beziehungsgestaltung<\/h5>\n<p>In diesem Seminar <strong>reisen Sie mit Ihren Kindern an<\/strong>, und wir sorgen f&uuml;r die Betreuung w&auml;hrend der Therapieeinheiten. Das hat gleich mehrere Vorteile:<\/p>\n<ul>\n<li>Sie sparen sich das Organisieren eines Babysitters,<\/li>\n<li>Sie tun etwas f&uuml;r Ihre Beziehung&nbsp;<\/li>\n<li>und sind gleichzeitig ein Vorbild in Sachen Beziehungsgestaltung.<\/li>\n<li>F&uuml;r Kinder und Jugendliche ist es sehr heilsam zu erleben, dass Eltern ihre Beziehung weiterentwickeln und eventuelle Probleme aktiv und konstruktiv l&ouml;sen. Das gibt ihnen Sicherheit bei ihrer Entwicklung!.<\/li>\n<\/ul>\n<p>&nbsp;<\/p><\/div><span class=\"x-image e637-e11 mhp-h mhp-k mhp-l\"><img decoding=\"async\" src=\"https:\/\/boesels.at\/wp-content\/uploads\/2022\/03\/Paarseminar-Holzo\u0308stersee-junges-Paar.jpg\" width=\"1000\" height=\"400\" alt=\"Image\" loading=\"lazy\"><\/span><div class=\"x-text x-content e637-e12 mhp-p mhp-q\"><h5><strong>Was Sie erwartet<\/strong><\/h5>\n<p>Das Seminar ist ein <strong>therapeutisches Angebot f&uuml;r Eltern<\/strong>. Die Kinder nehmen an den Paarsitzungen nicht teil (ebenso wenig die Eltern am <strong>Kinderprogramm<\/strong>).<\/p>\n<ul>\n<li>Das Paarseminar findet <strong>f&uuml;nf Tage lang t&auml;glich etwa vier bis f&uuml;nf Stunden<\/strong> statt. Unter unserer Leitung k&ouml;nnen Sie sich mit Ihren Beziehungsthemen befassen. Die restliche Zeit des Tages steht Ihnen f&uuml;r <strong>Freizeit<\/strong> mit Ihren Kindern zur Verf&uuml;gung.<\/li>\n<li>W&auml;hrend der Paartherapiestunden sorgt ein <strong>zweik&ouml;pfiges Team f&uuml;r die Kinderbetreuung<\/strong>. Auf die&nbsp; Kinder wartet ein tolles Programm, randvoll mit Spiel und Spa&szlig;. Es wird individuell auf die Kinder abgestimmt.<\/li>\n<\/ul><\/div><div class=\"x-text x-content e637-e13 mhp-p mhp-q\"><p class=\"p1\">Die Teilnahme ist nur f&uuml;r Paare m&ouml;glich. <span class=\"s1\">Die Kinder sollten zwischen 5 und 14 Jahre alt sein.<\/span><\/p>\n<p class=\"p1\">Idealerweise bringen Sie bereits etwas Imago-Erfahrung mit. Wenn noch nicht, bitten wir Sie, sich schon vor dem Seminar ein bisschen mit Imago vertraut zu machen. Daf&uuml;r gibt es verschiedene einfache M&ouml;glichkeiten:<\/p>\n<ul>\n<li class=\"li1\">Kostenlos: Imago und unsere Arbeitsweise damit k&ouml;nnen Sie gleich jetzt in unseren YouTube-Channel kennenlernen, wo wir einen unserer fr&uuml;heren <span class=\"s2\">Live-Vortragsabende <\/span>zu einem&nbsp;<a href=\"https:\/\/www.youtube.com\/watch?v=Rj8Cl2XEJKc&amp;t=18s\" target=\"_blank\" rel=\"noopener\"><span class=\"s3\">4-teiligen Video<\/span><\/a>&nbsp;gemacht haben.<\/li>\n<li class=\"li1\">In lebendiger Weise k&ouml;nnen Sie Imago von zuhause aus in Liebesdoppel, unserem <a href=\"https:\/\/www.liebesdoppel.at\/\" target=\"_blank\" rel=\"noopener\"><span class=\"s2\">Online-Kurs f&uuml;r gelingende Beziehungen<\/span> <\/a>f&uuml;r sich entdecken und nutzen. Sie finden darin kurzweilige Video-Tutorials, konkrete &Uuml;bungen und praktische Downloads.<\/li>\n<li class=\"li1\">Sie lesen lieber? Wenn Sie m&ouml;chten, finden Sie hier unsere <a href=\"https:\/\/boesels.at\/publikationen\/\" target=\"_blank\" rel=\"noopener\"><span class=\"s2\">B&uuml;cher<\/span><\/a><span class=\"s3\">. <\/span><\/li>\n<\/ul><\/div><span class=\"x-image e637-e14 mhp-h mhp-j\"><img decoding=\"async\" src=\"https:\/\/boesels.at\/wp-content\/uploads\/2021\/03\/florian-mit-Bild.jpg\" width=\"1000\" height=\"400\" alt=\"Image\" loading=\"lazy\"><\/span><div class=\"x-text x-content e637-e15 mhp-p mhp-q\"><h5>Unser Dreamteam f&uuml;r die Kinderbetreuung<\/h5>\n<p class=\"p1\"><b>Abenteuerspiele<\/b>&nbsp;rund um den See,&nbsp;<b>Forschungsreisen&nbsp;<\/b>in den Wald,&nbsp;<b>Kommunikationsspiele<\/b>&nbsp;in den R&auml;umen des Hotels: <b>Florian B&ouml;sel <\/b>und<b> Teresa Stoiber<\/b>, ziemlich frisch verheiratetes Dreamteam, lieben es, <b>Kindern und Jugendlichen eine ganze Welt des Entdeckens und Spielens<\/b> zu er&ouml;ffnen. &nbsp;<\/p>\n<p class=\"p1\">Das Programm passen Teresa und Florian flexibel an das Alter und die Anzahl der zu betreuenden Kinder und Jugendlichen an. Dabei finden sie immer den f&uuml;r Balance so wichtigen Mix aus Abenteuer und Verbindung, Sicherheit und Potenzialentfaltung.<\/p>\n<p class=\"p1\"><b>Florian B&ouml;sel<\/b>&nbsp;ist freischaffender Theaterp&auml;dagoge, Schauspieler und erfahren als Leiter verschiedener Gruppen f&uuml;r spielerische Pers&ouml;nlichkeitsentwicklung.<\/p>\n<p class=\"p1\"><b>Teresa Stoiber<\/b> ist erfahrene Sozial- und Theaterp&auml;dagogin mit viel Herz, Humor und unersch&ouml;pflicher Kreativit&auml;t.<\/p>\n<p class=\"p1\">Zusammen verstehen sie sich kongenial darauf, Kindern auf Augenh&ouml;he, mit viel Fantasie und ausgepr&auml;gtem Einf&uuml;hlungsverm&ouml;gen zu begegnen &ndash; auch und gerade dann, wenn es verborgene Talente zu entdecken und gemeinsames Gestalten zu f&ouml;rdern gilt.<\/p>\n<p class=\"p1\">Haben Sie Fragen vorab? Schreiben Sie einfach eine <a href=\"mailto:florian@boesel.at\"><span class=\"s1\"><i>E-Mail an Florian<\/i><\/span><\/a> und geben Sie darin bitte Ihre Telefonnummer an.<\/p><\/div><\/div><div class=\"x-col e637-e16 mhp-e mhp-f\"><span class=\"x-image e637-e17 mhp-h mhp-k mhp-m\"><img decoding=\"async\" src=\"https:\/\/boesels.at\/wp-content\/uploads\/2020\/12\/verliebte-eltern-hotel.jpg\" width=\"1000\" height=\"400\" alt=\"Image\" loading=\"lazy\"><\/span><div class=\"x-text x-content e637-e18 mhp-p mhp-q\"><h5>Das Hotel Seewirt am Holz&ouml;stersee in Salzburg<\/h5>\n<p>Der Holz&ouml;stersee bei Franking in Salzburg&nbsp; ist ein idyllisches Pl&auml;tzchen, an dem gerade zur Sommerzeit die Natur alle Register zieht. Als Seminarhotel haben wir das Viersterne-Hotel Seewirt gew&auml;hlt, das nur wenige Meter vom Holz&ouml;stersee entfernt ist.<\/p>\n<p>Der Seewirt ist ein Familienbetrieb in der&nbsp;dritten Generation und legt besonderen Wert auf pers&ouml;nlichen Service und Kundenn&auml;he. Familie Maislinger&nbsp;wurde im Jahr 2013&nbsp;mit ihrem Restaurant im Hotel im Gault Millau mit einer Haube ausgezeichnet. Es wird auch darauf geachtet, dass vor allem Produkte in der K&uuml;che verwendet werden, die aus den umliegenden Landwirtschaftsbetrieben kommen.<\/p>\n<p>Abenteuer, Spa&szlig; und Spiel - das Hotel mit eigenem Strand am See bieten viel Freiraum f&uuml;r Kids, Youngsters und Junggebliebene. Ein kleiner Wellnessbereich mit Sauna im Haus sorgt f&uuml;r Entspannung und Verw&ouml;hnung. Und auch die Umgebung ist einladend, zum Beispiel f&uuml;r einen Spaziergang um den See oder entlang des Moorlehrpfads. <a href=\"https:\/\/www.derseewirt.at\/\" target=\"_blank\" rel=\"noopener\">www.derseewirt.at<\/a><\/p><\/div><span class=\"x-image e637-e19 mhp-h mhp-j\"><img decoding=\"async\" src=\"https:\/\/boesels.at\/wp-content\/uploads\/2020\/12\/verliebte-eltern-kinder-springen-in-den-see.jpg\" width=\"1000\" height=\"400\" alt=\"Image\" loading=\"lazy\"><\/span><div class=\"x-text x-content e637-e20 mhp-o mhp-p\"><h5 class=\"p1\"><span class=\"s1\">Die Preisfrage &ndash; w&auml;hlen Sie, was Ihnen m&ouml;glich ist<b><\/b><\/span><\/h5>\n<div class=\"plain\">\n<p class=\"p1\"><span class=\"s1\">Im Sinne <\/span><span class=\"s2\">sozialer Gerechtigkeit<\/span> <span class=\"s3\">k&ouml;nnen Sie Ihren aktuellen finanziellen M&ouml;glichkeiten entsprechend die Teilnahmegeb&uuml;hr pro Person selbst w&auml;hlen. Folgende Stufen sind m&ouml;glich:<\/span><\/p>\n<p align=\"left\"><strong>EUR 620,&ndash; | EUR 660,&ndash; | EUR 700,&ndash; pro Person. <\/strong><\/p>\n<p class=\"p1\">F&uuml;r das Arrangement \"Kinderspa&szlig;\" betr&auml;gt der Preis pro Kind EUR 90,&ndash;.<\/p>\n<p class=\"p1\"><span class=\"s1\"><b>Fr&uuml;hbucherrabatte sind m&ouml;glich und werden w&auml;hrend des Anmeldevorgangs angezeigt.<\/b><b><\/b><\/span><\/p>\n<p>Die <strong>Kosten f&uuml;r Unterkunft und Verpflegung<\/strong> (Halbpension) verrechnen Sie bitte direkt mit dem Hotel Seewirt. Diese betragen pro Person und Tag f&uuml;r Halbpension EUR 125,&ndash;. Die Zimmer eignen sich grunds&auml;tzlich f&uuml;r maximal 3 Personen! Kinder im Alter von 6 bis 9 Jahren erhalten eine Erm&auml;&szlig;igung von 40 %, wenn sie mittels Zusatzbett im Elternzimmer bzw. Appartement schlafen. Wenn sie in einem Extrazimmer untergebracht werden, erhalten Sie 25 % Erm&auml;&szlig;igung. Es gibt auch zwei Familienappartements. Genaueres vereinbaren Sie bitte im Zuge der Anmeldung direkt mit dem Hotel Seewirt.<\/p>\n<p>Ein Hinweis: Wenn die ganze Familie ein Seminar besucht und in einem Hotel wohnt, kann das f&uuml;r die Familienkassa ein deutlicher Einschnitt sein. Wir m&ouml;chten Ihnen gerne ein \"leistbares Familienabenteuer\" erm&ouml;glichen und haben daher eine spezielle M&ouml;glichkeit f&uuml;r Sie, wenn das Seminar Ihre finanziellen M&ouml;glichkeiten &uuml;berschreitet. <a href=\"https:\/\/boesels.at\/leistbare-therapie\/\">F&uuml;r mehr Informationen klicken Sie bitte hier.<\/a><\/p>\n<\/div><\/div><div class=\"x-text x-content e637-e21 mhp-p mhp-q\"><h5 align=\"left\">Der n&auml;chste Termin<\/h5>\n<p>30. August bis 4. September 2026<\/p>\n<p>Das Seminar beginnt am Sonntag um 16 Uhr und endet am Freitag um 11:30 Uhr. Wir freuen uns auf Ihre <strong><a href=\"https:\/\/boesels.at\/terminsystem\/?link=home_boesel\/termine_anmeldung\/paarseminare\">Anmeldung &uuml;ber unser Online-Tool<\/a><\/strong>!<\/p><\/div><\/div><\/div><\/div><div class=\"x-row e637-e22 mhp-1 mhp-2 mhp-4 mhp-7 mhp-9 mhp-c\"><div class=\"x-row-inner\"><div class=\"x-col e637-e23 mhp-e\"><h2  class=\"h-custom-headline cs-ta-center h3\" ><span>Was unsere Paare sagen...<\/span><\/h2><\/div><\/div><\/div><div class=\"x-row e637-e25 mhp-1 mhp-4 mhp-5 mhp-8 mhp-9 mhp-d\"><div class=\"x-row-inner\"><div class=\"x-col x-hide-lg x-hide-md x-hide-sm x-hide-xs e637-e26 mhp-e\"><\/div><div class=\"x-col e637-e27 mhp-e\"><blockquote class=\"x-testimonial e637-e28 mhp-r\"><span class=\"x-graphic mhp-s\" aria-hidden=\"true\"><i class=\"x-icon x-graphic-child x-graphic-icon x-graphic-primary\" aria-hidden=\"true\" data-x-icon-s=\"&#xf2bd;\"><\/i><\/span><div class=\"x-testimonial-content\"><div class=\"x-testimonial-text\"><p style=\"text-align: center;\"><em>\"Verliebte Eltern sein UND gl&uuml;ckliche Kinder haben ist tats&auml;chlich m&ouml;glich und erleb- und sp&uuml;rbar geworden in dieser wundervollen Woche. Vielen Dank!\" <\/em><\/p><\/div><span class=\"x-testimonial-cite\"><span class=\"x-testimonial-cite-content\">\n<span class=\"x-rating mhp-t\">\n\n  <span class=\"x-rating-graphic\" role=\"img\" aria-label=\"3.5 \/ 5\">\n    <i class=\"x-icon\" aria-hidden=\"true\" data-x-icon-s=\"&#xf005;\"><\/i><i class=\"x-icon\" aria-hidden=\"true\" data-x-icon-s=\"&#xf005;\"><\/i><i class=\"x-icon\" aria-hidden=\"true\" data-x-icon-s=\"&#xf005;\"><\/i><i class=\"x-icon\" aria-hidden=\"true\" data-x-icon-s=\"&#xf5c0;\"><\/i><i class=\"x-icon\" aria-hidden=\"true\" data-x-icon-o=\"&#xf005;\"><\/i>  <\/span>\n\n  \n  \n<\/span>\n<\/span><\/span><\/div><\/blockquote><\/div><div class=\"x-col e637-e29 mhp-e\"><blockquote class=\"x-testimonial e637-e30 mhp-r\"><span class=\"x-graphic mhp-s\" aria-hidden=\"true\"><i class=\"x-icon x-graphic-child x-graphic-icon x-graphic-primary\" aria-hidden=\"true\" data-x-icon-s=\"&#xf2bd;\"><\/i><\/span><div class=\"x-testimonial-content\"><div class=\"x-testimonial-text\"><p style=\"text-align: center;\"><em>\"Tolle Kinderbetreuung! Nach einem halben Tag sagten unsere Kinder: 'K&ouml;nenn wir n&auml;chstes Jahr wieder auf dieses Feriencamp fahren? Bitte!'&ldquo; <\/em><\/p><\/div><span class=\"x-testimonial-cite\"><span class=\"x-testimonial-cite-content\">\n<span class=\"x-rating mhp-t\">\n\n  <span class=\"x-rating-graphic\" role=\"img\" aria-label=\"3.5 \/ 5\">\n    <i class=\"x-icon\" aria-hidden=\"true\" data-x-icon-s=\"&#xf005;\"><\/i><i class=\"x-icon\" aria-hidden=\"true\" data-x-icon-s=\"&#xf005;\"><\/i><i class=\"x-icon\" aria-hidden=\"true\" data-x-icon-s=\"&#xf005;\"><\/i><i class=\"x-icon\" aria-hidden=\"true\" data-x-icon-s=\"&#xf5c0;\"><\/i><i class=\"x-icon\" aria-hidden=\"true\" data-x-icon-o=\"&#xf005;\"><\/i>  <\/span>\n\n  \n  \n<\/span>\n<\/span><\/span><\/div><\/blockquote><\/div><div class=\"x-col e637-e31 mhp-e\"><blockquote class=\"x-testimonial e637-e32 mhp-r\"><span class=\"x-graphic mhp-s\" aria-hidden=\"true\"><i class=\"x-icon x-graphic-child x-graphic-icon x-graphic-primary\" aria-hidden=\"true\" data-x-icon-s=\"&#xf2bd;\"><\/i><\/span><div class=\"x-testimonial-content\"><div class=\"x-testimonial-text\"><p style=\"text-align: center;\"><em>\"Wir sind sehr froh, dass wir die Kinder dabei hatten. Wir konnten so sch&ouml;n sp&uuml;ren, wie sehr wir das Seminar nicht nur f&uuml;r uns, sondern auch f&uuml;r sie machen.\"<\/em><\/p><\/div><span class=\"x-testimonial-cite\"><span class=\"x-testimonial-cite-content\">\n<span class=\"x-rating mhp-t\">\n\n  <span class=\"x-rating-graphic\" role=\"img\" aria-label=\"3.5 \/ 5\">\n    <i class=\"x-icon\" aria-hidden=\"true\" data-x-icon-s=\"&#xf005;\"><\/i><i class=\"x-icon\" aria-hidden=\"true\" data-x-icon-s=\"&#xf005;\"><\/i><i class=\"x-icon\" aria-hidden=\"true\" data-x-icon-s=\"&#xf005;\"><\/i><i class=\"x-icon\" aria-hidden=\"true\" data-x-icon-s=\"&#xf5c0;\"><\/i><i class=\"x-icon\" aria-hidden=\"true\" data-x-icon-o=\"&#xf005;\"><\/i>  <\/span>\n\n  \n  \n<\/span>\n<\/span><\/span><\/div><\/blockquote><\/div><\/div><\/div><\/div><\/div>\n","protected":false},"excerpt":{"rendered":"<p>Paarseminar Verliebte Eltern &#8211; gl&uuml;ckliche Kinder am Holz&ouml;stersee f\u00fcr Paare&bdquo;Trotz unserer drei Kinder sind wir [&hellip;]<\/p>\n","protected":false},"author":4,"featured_media":0,"parent":0,"menu_order":0,"comment_status":"closed","ping_status":"closed","template":"template-blank-4.php","meta":{"_acf_changed":false,"ub_ctt_via":"","footnotes":""},"class_list":["post-637","page","type-page","status-publish","hentry","no-post-thumbnail"],"acf":[],"featured_image_src":null,"yoast_head":"<!-- This site is optimized with the Yoast SEO plugin v25.0 - https:\/\/yoast.com\/wordpress\/plugins\/seo\/ -->\n<title>Paarseminar Verliebte Eltern - gl\u00fcckliche Kinder - B\u00f6sels<\/title>\n<meta name=\"robots\" content=\"index, follow, max-snippet:-1, max-image-preview:large, max-video-preview:-1\" \/>\n<link rel=\"canonical\" href=\"https:\/\/boesels.at\/index.php\/paarseminar-verliebte-eltern-glueckliche-kinder\/\" \/>\n<meta property=\"og:locale\" content=\"de_DE\" \/>\n<meta property=\"og:type\" content=\"article\" \/>\n<meta property=\"og:title\" content=\"Paarseminar Verliebte Eltern - gl\u00fcckliche Kinder - B\u00f6sels\" \/>\n<meta property=\"og:description\" content=\"Paarseminar Verliebte Eltern - gl&uuml;ckliche Kinder am Holz&ouml;stersee f\u00fcr Paare&bdquo;Trotz unserer drei Kinder sind wir [&hellip;]\" \/>\n<meta property=\"og:url\" content=\"https:\/\/boesels.at\/index.php\/paarseminar-verliebte-eltern-glueckliche-kinder\/\" \/>\n<meta property=\"og:site_name\" content=\"B\u00f6sels\" \/>\n<meta property=\"article:modified_time\" content=\"2026-03-04T19:14:11+00:00\" \/>\n<meta name=\"twitter:card\" content=\"summary_large_image\" \/>\n<meta name=\"twitter:label1\" content=\"Gesch\u00e4tzte Lesezeit\" \/>\n\t<meta name=\"twitter:data1\" content=\"8\u00a0Minuten\" \/>\n<script type=\"application\/ld+json\" class=\"yoast-schema-graph\">{\"@context\":\"https:\/\/schema.org\",\"@graph\":[{\"@type\":\"WebPage\",\"@id\":\"https:\/\/boesels.at\/index.php\/paarseminar-verliebte-eltern-glueckliche-kinder\/\",\"url\":\"https:\/\/boesels.at\/index.php\/paarseminar-verliebte-eltern-glueckliche-kinder\/\",\"name\":\"Paarseminar Verliebte Eltern - gl\u00fcckliche Kinder - B\u00f6sels\",\"isPartOf\":{\"@id\":\"https:\/\/boesels.at\/index.php\/#website\"},\"datePublished\":\"2020-11-05T13:20:01+00:00\",\"dateModified\":\"2026-03-04T19:14:11+00:00\",\"breadcrumb\":{\"@id\":\"https:\/\/boesels.at\/index.php\/paarseminar-verliebte-eltern-glueckliche-kinder\/#breadcrumb\"},\"inLanguage\":\"de\",\"potentialAction\":[{\"@type\":\"ReadAction\",\"target\":[\"https:\/\/boesels.at\/index.php\/paarseminar-verliebte-eltern-glueckliche-kinder\/\"]}]},{\"@type\":\"BreadcrumbList\",\"@id\":\"https:\/\/boesels.at\/index.php\/paarseminar-verliebte-eltern-glueckliche-kinder\/#breadcrumb\",\"itemListElement\":[{\"@type\":\"ListItem\",\"position\":1,\"name\":\"Startseite\",\"item\":\"https:\/\/boesels.at\/index.php\/\"},{\"@type\":\"ListItem\",\"position\":2,\"name\":\"Paarseminar Verliebte Eltern &#8211; gl\u00fcckliche Kinder\"}]},{\"@type\":\"WebSite\",\"@id\":\"https:\/\/boesels.at\/index.php\/#website\",\"url\":\"https:\/\/boesels.at\/index.php\/\",\"name\":\"B\u00f6sels\",\"description\":\"beziehungsweise gl\u00fccklich\",\"publisher\":{\"@id\":\"https:\/\/boesels.at\/index.php\/#organization\"},\"potentialAction\":[{\"@type\":\"SearchAction\",\"target\":{\"@type\":\"EntryPoint\",\"urlTemplate\":\"https:\/\/boesels.at\/index.php\/?s={search_term_string}\"},\"query-input\":{\"@type\":\"PropertyValueSpecification\",\"valueRequired\":true,\"valueName\":\"search_term_string\"}}],\"inLanguage\":\"de\"},{\"@type\":\"Organization\",\"@id\":\"https:\/\/boesels.at\/index.php\/#organization\",\"name\":\"B\u00f6sels\",\"url\":\"https:\/\/boesels.at\/index.php\/\",\"logo\":{\"@type\":\"ImageObject\",\"inLanguage\":\"de\",\"@id\":\"https:\/\/boesels.at\/index.php\/#\/schema\/logo\/image\/\",\"url\":\"https:\/\/boesels.at\/wp-content\/uploads\/2020\/03\/logo.png\",\"contentUrl\":\"https:\/\/boesels.at\/wp-content\/uploads\/2020\/03\/logo.png\",\"width\":320,\"height\":122,\"caption\":\"B\u00f6sels\"},\"image\":{\"@id\":\"https:\/\/boesels.at\/index.php\/#\/schema\/logo\/image\/\"}}]}<\/script>\n<!-- \/ Yoast SEO plugin. -->","yoast_head_json":{"title":"Paarseminar Verliebte Eltern - gl\u00fcckliche Kinder - B\u00f6sels","robots":{"index":"index","follow":"follow","max-snippet":"max-snippet:-1","max-image-preview":"max-image-preview:large","max-video-preview":"max-video-preview:-1"},"canonical":"https:\/\/boesels.at\/index.php\/paarseminar-verliebte-eltern-glueckliche-kinder\/","og_locale":"de_DE","og_type":"article","og_title":"Paarseminar Verliebte Eltern - gl\u00fcckliche Kinder - B\u00f6sels","og_description":"Paarseminar Verliebte Eltern - gl&uuml;ckliche Kinder am Holz&ouml;stersee f\u00fcr Paare&bdquo;Trotz unserer drei Kinder sind wir [&hellip;]","og_url":"https:\/\/boesels.at\/index.php\/paarseminar-verliebte-eltern-glueckliche-kinder\/","og_site_name":"B\u00f6sels","article_modified_time":"2026-03-04T19:14:11+00:00","twitter_card":"summary_large_image","twitter_misc":{"Gesch\u00e4tzte Lesezeit":"8\u00a0Minuten"},"schema":{"@context":"https:\/\/schema.org","@graph":[{"@type":"WebPage","@id":"https:\/\/boesels.at\/index.php\/paarseminar-verliebte-eltern-glueckliche-kinder\/","url":"https:\/\/boesels.at\/index.php\/paarseminar-verliebte-eltern-glueckliche-kinder\/","name":"Paarseminar Verliebte Eltern - gl\u00fcckliche Kinder - B\u00f6sels","isPartOf":{"@id":"https:\/\/boesels.at\/index.php\/#website"},"datePublished":"2020-11-05T13:20:01+00:00","dateModified":"2026-03-04T19:14:11+00:00","breadcrumb":{"@id":"https:\/\/boesels.at\/index.php\/paarseminar-verliebte-eltern-glueckliche-kinder\/#breadcrumb"},"inLanguage":"de","potentialAction":[{"@type":"ReadAction","target":["https:\/\/boesels.at\/index.php\/paarseminar-verliebte-eltern-glueckliche-kinder\/"]}]},{"@type":"BreadcrumbList","@id":"https:\/\/boesels.at\/index.php\/paarseminar-verliebte-eltern-glueckliche-kinder\/#breadcrumb","itemListElement":[{"@type":"ListItem","position":1,"name":"Startseite","item":"https:\/\/boesels.at\/index.php\/"},{"@type":"ListItem","position":2,"name":"Paarseminar Verliebte Eltern &#8211; gl\u00fcckliche Kinder"}]},{"@type":"WebSite","@id":"https:\/\/boesels.at\/index.php\/#website","url":"https:\/\/boesels.at\/index.php\/","name":"B\u00f6sels","description":"beziehungsweise gl\u00fccklich","publisher":{"@id":"https:\/\/boesels.at\/index.php\/#organization"},"potentialAction":[{"@type":"SearchAction","target":{"@type":"EntryPoint","urlTemplate":"https:\/\/boesels.at\/index.php\/?s={search_term_string}"},"query-input":{"@type":"PropertyValueSpecification","valueRequired":true,"valueName":"search_term_string"}}],"inLanguage":"de"},{"@type":"Organization","@id":"https:\/\/boesels.at\/index.php\/#organization","name":"B\u00f6sels","url":"https:\/\/boesels.at\/index.php\/","logo":{"@type":"ImageObject","inLanguage":"de","@id":"https:\/\/boesels.at\/index.php\/#\/schema\/logo\/image\/","url":"https:\/\/boesels.at\/wp-content\/uploads\/2020\/03\/logo.png","contentUrl":"https:\/\/boesels.at\/wp-content\/uploads\/2020\/03\/logo.png","width":320,"height":122,"caption":"B\u00f6sels"},"image":{"@id":"https:\/\/boesels.at\/index.php\/#\/schema\/logo\/image\/"}}]}},"_links":{"self":[{"href":"https:\/\/boesels.at\/index.php\/wp-json\/wp\/v2\/pages\/637","targetHints":{"allow":["GET"]}}],"collection":[{"href":"https:\/\/boesels.at\/index.php\/wp-json\/wp\/v2\/pages"}],"about":[{"href":"https:\/\/boesels.at\/index.php\/wp-json\/wp\/v2\/types\/page"}],"author":[{"embeddable":true,"href":"https:\/\/boesels.at\/index.php\/wp-json\/wp\/v2\/users\/4"}],"replies":[{"embeddable":true,"href":"https:\/\/boesels.at\/index.php\/wp-json\/wp\/v2\/comments?post=637"}],"version-history":[{"count":23,"href":"https:\/\/boesels.at\/index.php\/wp-json\/wp\/v2\/pages\/637\/revisions"}],"predecessor-version":[{"id":2695,"href":"https:\/\/boesels.at\/index.php\/wp-json\/wp\/v2\/pages\/637\/revisions\/2695"}],"wp:attachment":[{"href":"https:\/\/boesels.at\/index.php\/wp-json\/wp\/v2\/media?parent=637"}],"curies":[{"name":"wp","href":"https:\/\/api.w.org\/{rel}","templated":true}]}}